{"id":10479,"date":"2024-03-13T16:59:53","date_gmt":"2024-03-13T20:59:53","guid":{"rendered":"https:\/\/dev.lasik.com\/financiacion-carecredit-48-meses-de-tae-reducida\/"},"modified":"2024-10-22T15:10:22","modified_gmt":"2024-10-22T19:10:22","slug":"financiacion-carecredit-48-meses-de-tae-reducida","status":"publish","type":"page","link":"https:\/\/www.lasik.com\/es\/financiacion-carecredit-48-meses-de-tae-reducida\/","title":{"rendered":"Financiaci\u00f3n CareCredit &#8211; 48 meses de TAE reducida"},"content":{"rendered":"\n<figure class=\"wp-block-table\"><table class=\"has-black-color has-light-green-background-color has-text-color has-background has-fixed-layout\"><thead><tr><th class=\"has-text-align-center\" data-align=\"center\">Importe de la compra promocional<\/th><th class=\"has-text-align-center\" data-align=\"center\">Cuotas mensuales fijas<\/th><th class=\"has-text-align-center\" data-align=\"center\">Periodo de promoci\u00f3n<\/th><th class=\"has-text-align-center\" data-align=\"center\">Pagos totales (incluidos intereses)<\/th><\/tr><\/thead><tbody><tr><td class=\"has-text-align-center\" data-align=\"center\"><strong>$3,000<\/strong><\/td><td class=\"has-text-align-center\" data-align=\"center\"><strong>$92<\/strong><\/td><td class=\"has-text-align-center\" data-align=\"center\"><strong>48 meses<\/strong><\/td><td class=\"has-text-align-center\" data-align=\"center\"><strong>$4,375<\/strong><\/td><\/tr><\/tbody><\/table><\/figure>\n\n<p><strong>La cuota mensual estimada indicada es igual al precio de compra (impuestos y gastos de env\u00edo excluidos) multiplicado por el 3,0377%<\/strong>. Se redondea al d\u00f3lar entero inmediatamente superior. S\u00f3lo vale con la oferta de financiaci\u00f3n mostrada. Si realiza estos pagos antes de la fecha de vencimiento cada mes, deber\u00eda liquidar esta compra dentro del periodo promocional, si es el \u00fanico saldo, que est\u00e1 pagando. Si tiene otros saldos en su cuenta, este pago se a\u00f1adir\u00e1 a cualquier otro pago mensual m\u00ednimo.<\/p>\n\n<p><strong>IMPORTANTE: La informaci\u00f3n sobre el Pago Fijo Mensual mostrada asume que la siguiente oferta promocional de financiaci\u00f3n se aplica a la compra:<\/strong><\/p>\n\n<p><strong>19,90% TAE durante 48 Meses**<\/strong><br\/>En compras de $1000 o m\u00e1s con tu tarjeta de cr\u00e9dito CareCredit. Se requieren 48 mensualidades fijas.<\/p>\n\n<div style=\"height:24px\" aria-hidden=\"true\" class=\"wp-block-spacer\"><\/div>\n\n<p style=\"font-size:8px\">**Se aplicar\u00e1n intereses a las compras promocionales a partir de la fecha de compra a una TAE reducida del 19,90% en compras con financiaci\u00f3n promocional a 48 meses. Se requieren pagos mensuales fijos hasta que se pague en su totalidad y se calcular\u00e1n de la siguiente manera: en la promoci\u00f3n de 48 meses &#8211; 3,0377% del importe de compra inicial de la promoci\u00f3n. El pago mensual fijo se redondear\u00e1 al siguiente d\u00f3lar entero m\u00e1s alto y puede ser superior al pago m\u00ednimo que se exigir\u00eda si la compra fuera una compra no promocional. Durante el\/los \u00faltimo(s) mes(es) del periodo promocional, la cuota mensual exigida puede reducirse debido al redondeo de los meses anteriores. Se aplicar\u00e1n las condiciones habituales de la cuenta a las compras no promocionales. Para cuentas nuevas: La TAE de compra es del 29,99%. El cargo m\u00ednimo por intereses es de 2 $. Los titulares de tarjetas de cr\u00e9dito deben consultar las condiciones aplicables en el contrato de su tarjeta de cr\u00e9dito. Sujeto a aprobaci\u00f3n de cr\u00e9dito.<\/p>\n","protected":false},"excerpt":{"rendered":"<p>Importe de la compra promocional Cuotas mensuales fijas Periodo de promoci\u00f3n Pagos totales (incluidos intereses) $3,000 $92 48 meses $4,375 La cuota mensual estimada indicada es igual al precio de compra (impuestos y gastos de env\u00edo excluidos) multiplicado por el 3,0377%. Se redondea al d\u00f3lar entero inmediatamente superior. S\u00f3lo vale con la oferta de financiaci\u00f3n&hellip; <a class=\"more-link\" href=\"https:\/\/www.lasik.com\/es\/financiacion-carecredit-48-meses-de-tae-reducida\/\">Sigue leyendo<\/a><\/p>\n","protected":false},"author":2,"featured_media":0,"parent":0,"menu_order":0,"comment_status":"closed","ping_status":"closed","template":"","meta":{"_acf_changed":false,"footnotes":""},"class_list":["post-10479","page","type-page","status-publish","hentry"],"acf":[],"yoast_head":"<!-- This site is optimized with the Yoast SEO Premium plugin v27.1 (Yoast SEO v27.4) - https:\/\/yoast.com\/product\/yoast-seo-premium-wordpress\/ -->\n<title>Financiaci\u00f3n CareCredit - 48 meses de TAE reducida | Sitio Oficial de LASIK.com\u2122<\/title>\n<meta name=\"robots\" content=\"index, follow, max-snippet:-1, max-image-preview:large, max-video-preview:-1\" \/>\n<link rel=\"canonical\" href=\"https:\/\/www.lasik.com\/es\/financiacion-carecredit-48-meses-de-tae-reducida\/\" \/>\n<meta property=\"og:locale\" content=\"es_ES\" \/>\n<meta property=\"og:type\" content=\"article\" \/>\n<meta property=\"og:title\" content=\"Financiaci\u00f3n CareCredit - 48 meses de TAE reducida\" \/>\n<meta property=\"og:description\" content=\"Importe de la compra promocional Cuotas mensuales fijas Periodo de promoci\u00f3n Pagos totales (incluidos intereses) $3,000 $92 48 meses $4,375 La cuota mensual estimada indicada es igual al precio de compra (impuestos y gastos de env\u00edo excluidos) multiplicado por el 3,0377%. Se redondea al d\u00f3lar entero inmediatamente superior. S\u00f3lo vale con la oferta de financiaci\u00f3n&hellip; Sigue leyendo\" \/>\n<meta property=\"og:url\" content=\"https:\/\/www.lasik.com\/es\/financiacion-carecredit-48-meses-de-tae-reducida\/\" \/>\n<meta property=\"og:site_name\" content=\"Sitio Oficial de LASIK.com\u2122\" \/>\n<meta property=\"article:publisher\" content=\"https:\/\/www.instagram.com\/lasik_com\/\" \/>\n<meta property=\"article:modified_time\" content=\"2024-10-22T19:10:22+00:00\" \/>\n<meta property=\"og:image\" content=\"https:\/\/www.lasik.com\/wp-content\/uploads\/2025\/09\/LASIK-Website-Image-2.jpg\" \/>\n\t<meta property=\"og:image:width\" content=\"1900\" \/>\n\t<meta property=\"og:image:height\" content=\"1200\" \/>\n\t<meta property=\"og:image:type\" content=\"image\/jpeg\" \/>\n<meta name=\"twitter:card\" content=\"summary_large_image\" \/>\n<meta name=\"twitter:site\" content=\"@lasikdotcom\" \/>\n<script type=\"application\/ld+json\" class=\"yoast-schema-graph\">{\"@context\":\"https:\\\/\\\/schema.org\",\"@graph\":[{\"@type\":\"WebPage\",\"@id\":\"https:\\\/\\\/www.lasik.com\\\/es\\\/financiacion-carecredit-48-meses-de-tae-reducida\\\/\",\"url\":\"https:\\\/\\\/www.lasik.com\\\/es\\\/financiacion-carecredit-48-meses-de-tae-reducida\\\/\",\"name\":\"Financiaci\u00f3n CareCredit - 48 meses de TAE reducida | Sitio Oficial de LASIK.com\u2122\",\"isPartOf\":{\"@id\":\"https:\\\/\\\/www.lasik.com\\\/es\\\/#website\"},\"datePublished\":\"2024-03-13T20:59:53+00:00\",\"dateModified\":\"2024-10-22T19:10:22+00:00\",\"breadcrumb\":{\"@id\":\"https:\\\/\\\/www.lasik.com\\\/es\\\/financiacion-carecredit-48-meses-de-tae-reducida\\\/#breadcrumb\"},\"inLanguage\":\"es\",\"potentialAction\":[{\"@type\":\"ReadAction\",\"target\":[\"https:\\\/\\\/www.lasik.com\\\/es\\\/financiacion-carecredit-48-meses-de-tae-reducida\\\/\"]}]},{\"@type\":\"BreadcrumbList\",\"@id\":\"https:\\\/\\\/www.lasik.com\\\/es\\\/financiacion-carecredit-48-meses-de-tae-reducida\\\/#breadcrumb\",\"itemListElement\":[{\"@type\":\"ListItem\",\"position\":1,\"name\":\"Home\",\"item\":\"https:\\\/\\\/www.lasik.com\\\/es\\\/\"},{\"@type\":\"ListItem\",\"position\":2,\"name\":\"Financiaci\u00f3n CareCredit &#8211; 48 meses de TAE reducida\"}]},{\"@type\":\"WebSite\",\"@id\":\"https:\\\/\\\/www.lasik.com\\\/es\\\/#website\",\"url\":\"https:\\\/\\\/www.lasik.com\\\/es\\\/\",\"name\":\"LASIK\",\"description\":\"Todo LASIK. Todo en un lugar.\",\"publisher\":{\"@id\":\"https:\\\/\\\/www.lasik.com\\\/es\\\/#organization\"},\"alternateName\":\"LASIK.com Official Site\",\"potentialAction\":[{\"@type\":\"SearchAction\",\"target\":{\"@type\":\"EntryPoint\",\"urlTemplate\":\"https:\\\/\\\/www.lasik.com\\\/es\\\/?s={search_term_string}\"},\"query-input\":{\"@type\":\"PropertyValueSpecification\",\"valueRequired\":true,\"valueName\":\"search_term_string\"}}],\"inLanguage\":\"es\"},{\"@type\":\"Organization\",\"@id\":\"https:\\\/\\\/www.lasik.com\\\/es\\\/#organization\",\"name\":\"LASIK\",\"alternateName\":\"Laser-Assisted In Situ Keratomileusis\",\"url\":\"https:\\\/\\\/www.lasik.com\\\/es\\\/\",\"logo\":{\"@type\":\"ImageObject\",\"inLanguage\":\"es\",\"@id\":\"https:\\\/\\\/www.lasik.com\\\/es\\\/#\\\/schema\\\/logo\\\/image\\\/\",\"url\":\"https:\\\/\\\/www.lasik.com\\\/wp-content\\\/uploads\\\/2023\\\/06\\\/Artboard.png\",\"contentUrl\":\"https:\\\/\\\/www.lasik.com\\\/wp-content\\\/uploads\\\/2023\\\/06\\\/Artboard.png\",\"width\":500,\"height\":500,\"caption\":\"LASIK\"},\"image\":{\"@id\":\"https:\\\/\\\/www.lasik.com\\\/es\\\/#\\\/schema\\\/logo\\\/image\\\/\"},\"sameAs\":[\"https:\\\/\\\/www.instagram.com\\\/lasik_com\\\/\",\"https:\\\/\\\/x.com\\\/lasikdotcom\",\"https:\\\/\\\/www.tiktok.com\\\/@lasik.com?lang=en\"],\"description\":\"LASIK is the leading laser vision correction procedure and national organization dedicated to advancing and delivering laser vision correction. Bringing together some of the most experienced surgeons, advanced technology, and trusted practices in the industry. Rather than being just a medical procedure. LASIK.com is a full-service organization built to educate patients, set rigorous standards for care, and make modern LASIK accessible to people across the United States.\",\"legalName\":\"LASIK\",\"foundingDate\":\"1995-05-09\"}]}<\/script>\n<!-- \/ Yoast SEO Premium plugin. -->","yoast_head_json":{"title":"Financiaci\u00f3n CareCredit - 48 meses de TAE reducida | Sitio Oficial de LASIK.com\u2122","robots":{"index":"index","follow":"follow","max-snippet":"max-snippet:-1","max-image-preview":"max-image-preview:large","max-video-preview":"max-video-preview:-1"},"canonical":"https:\/\/www.lasik.com\/es\/financiacion-carecredit-48-meses-de-tae-reducida\/","og_locale":"es_ES","og_type":"article","og_title":"Financiaci\u00f3n CareCredit - 48 meses de TAE reducida","og_description":"Importe de la compra promocional Cuotas mensuales fijas Periodo de promoci\u00f3n Pagos totales (incluidos intereses) $3,000 $92 48 meses $4,375 La cuota mensual estimada indicada es igual al precio de compra (impuestos y gastos de env\u00edo excluidos) multiplicado por el 3,0377%. Se redondea al d\u00f3lar entero inmediatamente superior. S\u00f3lo vale con la oferta de financiaci\u00f3n&hellip; Sigue leyendo","og_url":"https:\/\/www.lasik.com\/es\/financiacion-carecredit-48-meses-de-tae-reducida\/","og_site_name":"Sitio Oficial de LASIK.com\u2122","article_publisher":"https:\/\/www.instagram.com\/lasik_com\/","article_modified_time":"2024-10-22T19:10:22+00:00","og_image":[{"width":1900,"height":1200,"url":"https:\/\/www.lasik.com\/wp-content\/uploads\/2025\/09\/LASIK-Website-Image-2.jpg","type":"image\/jpeg"}],"twitter_card":"summary_large_image","twitter_site":"@lasikdotcom","schema":{"@context":"https:\/\/schema.org","@graph":[{"@type":"WebPage","@id":"https:\/\/www.lasik.com\/es\/financiacion-carecredit-48-meses-de-tae-reducida\/","url":"https:\/\/www.lasik.com\/es\/financiacion-carecredit-48-meses-de-tae-reducida\/","name":"Financiaci\u00f3n CareCredit - 48 meses de TAE reducida | Sitio Oficial de LASIK.com\u2122","isPartOf":{"@id":"https:\/\/www.lasik.com\/es\/#website"},"datePublished":"2024-03-13T20:59:53+00:00","dateModified":"2024-10-22T19:10:22+00:00","breadcrumb":{"@id":"https:\/\/www.lasik.com\/es\/financiacion-carecredit-48-meses-de-tae-reducida\/#breadcrumb"},"inLanguage":"es","potentialAction":[{"@type":"ReadAction","target":["https:\/\/www.lasik.com\/es\/financiacion-carecredit-48-meses-de-tae-reducida\/"]}]},{"@type":"BreadcrumbList","@id":"https:\/\/www.lasik.com\/es\/financiacion-carecredit-48-meses-de-tae-reducida\/#breadcrumb","itemListElement":[{"@type":"ListItem","position":1,"name":"Home","item":"https:\/\/www.lasik.com\/es\/"},{"@type":"ListItem","position":2,"name":"Financiaci\u00f3n CareCredit &#8211; 48 meses de TAE reducida"}]},{"@type":"WebSite","@id":"https:\/\/www.lasik.com\/es\/#website","url":"https:\/\/www.lasik.com\/es\/","name":"LASIK","description":"Todo LASIK. Todo en un lugar.","publisher":{"@id":"https:\/\/www.lasik.com\/es\/#organization"},"alternateName":"LASIK.com Official Site","potentialAction":[{"@type":"SearchAction","target":{"@type":"EntryPoint","urlTemplate":"https:\/\/www.lasik.com\/es\/?s={search_term_string}"},"query-input":{"@type":"PropertyValueSpecification","valueRequired":true,"valueName":"search_term_string"}}],"inLanguage":"es"},{"@type":"Organization","@id":"https:\/\/www.lasik.com\/es\/#organization","name":"LASIK","alternateName":"Laser-Assisted In Situ Keratomileusis","url":"https:\/\/www.lasik.com\/es\/","logo":{"@type":"ImageObject","inLanguage":"es","@id":"https:\/\/www.lasik.com\/es\/#\/schema\/logo\/image\/","url":"https:\/\/www.lasik.com\/wp-content\/uploads\/2023\/06\/Artboard.png","contentUrl":"https:\/\/www.lasik.com\/wp-content\/uploads\/2023\/06\/Artboard.png","width":500,"height":500,"caption":"LASIK"},"image":{"@id":"https:\/\/www.lasik.com\/es\/#\/schema\/logo\/image\/"},"sameAs":["https:\/\/www.instagram.com\/lasik_com\/","https:\/\/x.com\/lasikdotcom","https:\/\/www.tiktok.com\/@lasik.com?lang=en"],"description":"LASIK is the leading laser vision correction procedure and national organization dedicated to advancing and delivering laser vision correction. Bringing together some of the most experienced surgeons, advanced technology, and trusted practices in the industry. Rather than being just a medical procedure. LASIK.com is a full-service organization built to educate patients, set rigorous standards for care, and make modern LASIK accessible to people across the United States.","legalName":"LASIK","foundingDate":"1995-05-09"}]}},"_links":{"self":[{"href":"https:\/\/www.lasik.com\/es\/wp-json\/wp\/v2\/pages\/10479","targetHints":{"allow":["GET"]}}],"collection":[{"href":"https:\/\/www.lasik.com\/es\/wp-json\/wp\/v2\/pages"}],"about":[{"href":"https:\/\/www.lasik.com\/es\/wp-json\/wp\/v2\/types\/page"}],"author":[{"embeddable":true,"href":"https:\/\/www.lasik.com\/es\/wp-json\/wp\/v2\/users\/2"}],"replies":[{"embeddable":true,"href":"https:\/\/www.lasik.com\/es\/wp-json\/wp\/v2\/comments?post=10479"}],"version-history":[{"count":3,"href":"https:\/\/www.lasik.com\/es\/wp-json\/wp\/v2\/pages\/10479\/revisions"}],"predecessor-version":[{"id":13390,"href":"https:\/\/www.lasik.com\/es\/wp-json\/wp\/v2\/pages\/10479\/revisions\/13390"}],"wp:attachment":[{"href":"https:\/\/www.lasik.com\/es\/wp-json\/wp\/v2\/media?parent=10479"}],"curies":[{"name":"wp","href":"https:\/\/api.w.org\/{rel}","templated":true}]}}