{"id":10475,"date":"2024-03-13T16:58:50","date_gmt":"2024-03-13T20:58:50","guid":{"rendered":"https:\/\/dev.lasik.com\/financiacion-carecredit-sin-intereses-si-se-paga-integramente-en-18-meses\/"},"modified":"2024-10-22T15:10:22","modified_gmt":"2024-10-22T19:10:22","slug":"financiacion-carecredit-sin-intereses-si-se-paga-integramente-en-18-meses","status":"publish","type":"page","link":"https:\/\/www.lasik.com\/es\/financiacion-carecredit-sin-intereses-si-se-paga-integramente-en-18-meses\/","title":{"rendered":"Financiaci\u00f3n CareCredit &#8211; Sin intereses si se paga \u00edntegramente en 18 meses"},"content":{"rendered":"\n<figure class=\"wp-block-table\"><table class=\"has-black-color has-light-green-background-color has-text-color has-background has-fixed-layout\"><thead><tr><th class=\"has-text-align-center\" data-align=\"center\">Importe de la compra promocional<\/th><th class=\"has-text-align-center\" data-align=\"center\">Pago mensual equivalente sugerido<\/th><th class=\"has-text-align-center\" data-align=\"center\">Periodo de promoci\u00f3n<\/th><\/tr><\/thead><tbody><tr><td class=\"has-text-align-center\" data-align=\"center\"><strong>$3,400<\/strong><\/td><td class=\"has-text-align-center\" data-align=\"center\"><strong>$167<\/strong><\/td><td class=\"has-text-align-center\" data-align=\"center\"><strong>18 meses<\/strong><\/td><\/tr><\/tbody><\/table><\/figure>\n\n<p>El pago mensual igual sugerido que se muestra arriba puede ser mayor que el pago mensual m\u00ednimo requerido que aparecer\u00e1 en su extracto de facturaci\u00f3n cuando utilice la oferta de financiaci\u00f3n promocional a 18 meses.<\/p>\n\n<p class=\"has-text-align-center\"><strong>Este pago estimado:<\/strong><\/p>\n\n<ul class=\"wp-block-list\">\n<li>Equivale a la compra promocional dividida por el periodo promocional redondeado al importe en d\u00f3lares inmediatamente superior.<\/li>\n\n\n\n<li>Pagar\u00eda el importe de la compra promocional dentro del periodo promocional, pero s\u00f3lo si no hay otros saldos en su cuenta en ning\u00fan momento durante el periodo promocional y realiza sus pagos puntualmente. El total de tus pagos ser\u00e1 igual al importe de la compra promocional.<\/li>\n<\/ul>\n\n<p><strong>Si el importe de la compra promocional no se abona en su totalidad dentro del periodo promocional, se cargar\u00e1n intereses en su cuenta desde la fecha de compra y sus pagos totales ser\u00e1n superiores al importe de la compra promocional.<\/strong><\/p>\n\n<p><strong>IMPORTANTE: La informaci\u00f3n sobre el Pago Mensual Sugerido que se muestra asume que la siguiente oferta promocional de financiaci\u00f3n se aplica a la compra:<\/strong><\/p>\n\n<p><strong>Sin intereses si se paga \u00edntegramente en 18 meses.*<\/strong> <br\/>En compras de 200 $ o m\u00e1s con tu tarjeta de cr\u00e9dito CareCredit. Se cargar\u00e1n intereses en su cuenta a partir de la fecha de compra si la compra promocional no se paga en su totalidad dentro del periodo promocional. Pagos mensuales m\u00ednimos requeridos.<\/p>\n\n<p style=\"font-size:8px\">* No se cobrar\u00e1n intereses sobre el saldo de la promoci\u00f3n si lo paga en su totalidad dentro del periodo de la promoci\u00f3n. Si no lo hace, se le cobrar\u00e1n intereses sobre el saldo de la promoci\u00f3n a partir de la fecha de compra. Los pagos m\u00ednimos mensuales requeridos pueden o no liquidar el saldo promocional antes de que finalice el periodo promocional, dependiendo del importe del saldo, la duraci\u00f3n de la promoci\u00f3n y la asignaci\u00f3n de pagos. Las condiciones normales de la cuenta se aplican a las compras no promocionales y, una vez finalizado el periodo promocional, al saldo promocional. Para cuentas nuevas: La TAE (tasa de inter\u00e9s) de compra es del 29,99%; el cargo m\u00ednimo por intereses es de 2 $. Titulares de tarjeta: Consulte las condiciones del contrato de su tarjeta de cr\u00e9dito. Sujeto a aprobaci\u00f3n de cr\u00e9dito.<\/p>\n","protected":false},"excerpt":{"rendered":"<p>Importe de la compra promocional Pago mensual equivalente sugerido Periodo de promoci\u00f3n $3,400 $167 18 meses El pago mensual igual sugerido que se muestra arriba puede ser mayor que el pago mensual m\u00ednimo requerido que aparecer\u00e1 en su extracto de facturaci\u00f3n cuando utilice la oferta de financiaci\u00f3n promocional a 18 meses. Este pago estimado: Si&hellip; <a class=\"more-link\" href=\"https:\/\/www.lasik.com\/es\/financiacion-carecredit-sin-intereses-si-se-paga-integramente-en-18-meses\/\">Sigue leyendo<\/a><\/p>\n","protected":false},"author":2,"featured_media":0,"parent":0,"menu_order":0,"comment_status":"closed","ping_status":"closed","template":"","meta":{"_acf_changed":false,"footnotes":""},"class_list":["post-10475","page","type-page","status-publish","hentry"],"acf":[],"yoast_head":"<!-- This site is optimized with the Yoast SEO Premium plugin v27.5 (Yoast SEO v27.5) - https:\/\/yoast.com\/product\/yoast-seo-premium-wordpress\/ -->\n<title>Financiaci\u00f3n CareCredit - Sin intereses si se paga \u00edntegramente en 18 meses | Sitio Oficial de LASIK.com\u2122<\/title>\n<meta name=\"robots\" content=\"index, follow, max-snippet:-1, max-image-preview:large, max-video-preview:-1\" \/>\n<link rel=\"canonical\" href=\"https:\/\/www.lasik.com\/es\/financiacion-carecredit-sin-intereses-si-se-paga-integramente-en-18-meses\/\" \/>\n<meta property=\"og:locale\" content=\"es_ES\" \/>\n<meta property=\"og:type\" content=\"article\" \/>\n<meta property=\"og:title\" content=\"Financiaci\u00f3n CareCredit - Sin intereses si se paga \u00edntegramente en 18 meses\" \/>\n<meta property=\"og:description\" content=\"Importe de la compra promocional Pago mensual equivalente sugerido Periodo de promoci\u00f3n $3,400 $167 18 meses El pago mensual igual sugerido que se muestra arriba puede ser mayor que el pago mensual m\u00ednimo requerido que aparecer\u00e1 en su extracto de facturaci\u00f3n cuando utilice la oferta de financiaci\u00f3n promocional a 18 meses. Este pago estimado: Si&hellip; Sigue leyendo\" \/>\n<meta property=\"og:url\" content=\"https:\/\/www.lasik.com\/es\/financiacion-carecredit-sin-intereses-si-se-paga-integramente-en-18-meses\/\" \/>\n<meta property=\"og:site_name\" content=\"Sitio Oficial de LASIK.com\u2122\" \/>\n<meta property=\"article:publisher\" content=\"https:\/\/www.instagram.com\/lasik_com\/\" \/>\n<meta property=\"article:modified_time\" content=\"2024-10-22T19:10:22+00:00\" \/>\n<meta property=\"og:image\" content=\"https:\/\/www.lasik.com\/wp-content\/uploads\/2025\/09\/LASIK-Website-Image-2.jpg\" \/>\n\t<meta property=\"og:image:width\" content=\"1900\" \/>\n\t<meta property=\"og:image:height\" content=\"1200\" \/>\n\t<meta property=\"og:image:type\" content=\"image\/jpeg\" \/>\n<meta name=\"twitter:card\" content=\"summary_large_image\" \/>\n<meta name=\"twitter:site\" content=\"@lasikdotcom\" \/>\n<script type=\"application\/ld+json\" class=\"yoast-schema-graph\">{\"@context\":\"https:\\\/\\\/schema.org\",\"@graph\":[{\"@type\":\"WebPage\",\"@id\":\"https:\\\/\\\/www.lasik.com\\\/es\\\/financiacion-carecredit-sin-intereses-si-se-paga-integramente-en-18-meses\\\/\",\"url\":\"https:\\\/\\\/www.lasik.com\\\/es\\\/financiacion-carecredit-sin-intereses-si-se-paga-integramente-en-18-meses\\\/\",\"name\":\"Financiaci\u00f3n CareCredit - Sin intereses si se paga \u00edntegramente en 18 meses | Sitio Oficial de LASIK.com\u2122\",\"isPartOf\":{\"@id\":\"https:\\\/\\\/www.lasik.com\\\/es\\\/#website\"},\"datePublished\":\"2024-03-13T20:58:50+00:00\",\"dateModified\":\"2024-10-22T19:10:22+00:00\",\"breadcrumb\":{\"@id\":\"https:\\\/\\\/www.lasik.com\\\/es\\\/financiacion-carecredit-sin-intereses-si-se-paga-integramente-en-18-meses\\\/#breadcrumb\"},\"inLanguage\":\"es\",\"potentialAction\":[{\"@type\":\"ReadAction\",\"target\":[\"https:\\\/\\\/www.lasik.com\\\/es\\\/financiacion-carecredit-sin-intereses-si-se-paga-integramente-en-18-meses\\\/\"]}]},{\"@type\":\"BreadcrumbList\",\"@id\":\"https:\\\/\\\/www.lasik.com\\\/es\\\/financiacion-carecredit-sin-intereses-si-se-paga-integramente-en-18-meses\\\/#breadcrumb\",\"itemListElement\":[{\"@type\":\"ListItem\",\"position\":1,\"name\":\"Home\",\"item\":\"https:\\\/\\\/www.lasik.com\\\/es\\\/\"},{\"@type\":\"ListItem\",\"position\":2,\"name\":\"Financiaci\u00f3n CareCredit &#8211; Sin intereses si se paga \u00edntegramente en 18 meses\"}]},{\"@type\":\"WebSite\",\"@id\":\"https:\\\/\\\/www.lasik.com\\\/es\\\/#website\",\"url\":\"https:\\\/\\\/www.lasik.com\\\/es\\\/\",\"name\":\"LASIK\",\"description\":\"Todo LASIK. Todo en un lugar.\",\"publisher\":{\"@id\":\"https:\\\/\\\/www.lasik.com\\\/es\\\/#organization\"},\"alternateName\":\"LASIK.com Official Site\",\"potentialAction\":[{\"@type\":\"SearchAction\",\"target\":{\"@type\":\"EntryPoint\",\"urlTemplate\":\"https:\\\/\\\/www.lasik.com\\\/es\\\/?s={search_term_string}\"},\"query-input\":{\"@type\":\"PropertyValueSpecification\",\"valueRequired\":true,\"valueName\":\"search_term_string\"}}],\"inLanguage\":\"es\"},{\"@type\":\"Organization\",\"@id\":\"https:\\\/\\\/www.lasik.com\\\/es\\\/#organization\",\"name\":\"LASIK\",\"alternateName\":\"Laser-Assisted In Situ Keratomileusis\",\"url\":\"https:\\\/\\\/www.lasik.com\\\/es\\\/\",\"logo\":{\"@type\":\"ImageObject\",\"inLanguage\":\"es\",\"@id\":\"https:\\\/\\\/www.lasik.com\\\/es\\\/#\\\/schema\\\/logo\\\/image\\\/\",\"url\":\"https:\\\/\\\/www.lasik.com\\\/wp-content\\\/uploads\\\/2023\\\/06\\\/Artboard.png\",\"contentUrl\":\"https:\\\/\\\/www.lasik.com\\\/wp-content\\\/uploads\\\/2023\\\/06\\\/Artboard.png\",\"width\":500,\"height\":500,\"caption\":\"LASIK\"},\"image\":{\"@id\":\"https:\\\/\\\/www.lasik.com\\\/es\\\/#\\\/schema\\\/logo\\\/image\\\/\"},\"sameAs\":[\"https:\\\/\\\/www.instagram.com\\\/lasik_com\\\/\",\"https:\\\/\\\/x.com\\\/lasikdotcom\",\"https:\\\/\\\/www.tiktok.com\\\/@lasik.com?lang=en\"],\"description\":\"LASIK is the leading laser vision correction procedure and national organization dedicated to advancing and delivering laser vision correction. Bringing together some of the most experienced surgeons, advanced technology, and trusted practices in the industry. Rather than being just a medical procedure. LASIK.com is a full-service organization built to educate patients, set rigorous standards for care, and make modern LASIK accessible to people across the United States.\",\"legalName\":\"LASIK\",\"foundingDate\":\"1995-05-09\"}]}<\/script>\n<!-- \/ Yoast SEO Premium plugin. -->","yoast_head_json":{"title":"Financiaci\u00f3n CareCredit - Sin intereses si se paga \u00edntegramente en 18 meses | Sitio Oficial de LASIK.com\u2122","robots":{"index":"index","follow":"follow","max-snippet":"max-snippet:-1","max-image-preview":"max-image-preview:large","max-video-preview":"max-video-preview:-1"},"canonical":"https:\/\/www.lasik.com\/es\/financiacion-carecredit-sin-intereses-si-se-paga-integramente-en-18-meses\/","og_locale":"es_ES","og_type":"article","og_title":"Financiaci\u00f3n CareCredit - Sin intereses si se paga \u00edntegramente en 18 meses","og_description":"Importe de la compra promocional Pago mensual equivalente sugerido Periodo de promoci\u00f3n $3,400 $167 18 meses El pago mensual igual sugerido que se muestra arriba puede ser mayor que el pago mensual m\u00ednimo requerido que aparecer\u00e1 en su extracto de facturaci\u00f3n cuando utilice la oferta de financiaci\u00f3n promocional a 18 meses. Este pago estimado: Si&hellip; Sigue leyendo","og_url":"https:\/\/www.lasik.com\/es\/financiacion-carecredit-sin-intereses-si-se-paga-integramente-en-18-meses\/","og_site_name":"Sitio Oficial de LASIK.com\u2122","article_publisher":"https:\/\/www.instagram.com\/lasik_com\/","article_modified_time":"2024-10-22T19:10:22+00:00","og_image":[{"width":1900,"height":1200,"url":"https:\/\/www.lasik.com\/wp-content\/uploads\/2025\/09\/LASIK-Website-Image-2.jpg","type":"image\/jpeg"}],"twitter_card":"summary_large_image","twitter_site":"@lasikdotcom","schema":{"@context":"https:\/\/schema.org","@graph":[{"@type":"WebPage","@id":"https:\/\/www.lasik.com\/es\/financiacion-carecredit-sin-intereses-si-se-paga-integramente-en-18-meses\/","url":"https:\/\/www.lasik.com\/es\/financiacion-carecredit-sin-intereses-si-se-paga-integramente-en-18-meses\/","name":"Financiaci\u00f3n CareCredit - Sin intereses si se paga \u00edntegramente en 18 meses | Sitio Oficial de LASIK.com\u2122","isPartOf":{"@id":"https:\/\/www.lasik.com\/es\/#website"},"datePublished":"2024-03-13T20:58:50+00:00","dateModified":"2024-10-22T19:10:22+00:00","breadcrumb":{"@id":"https:\/\/www.lasik.com\/es\/financiacion-carecredit-sin-intereses-si-se-paga-integramente-en-18-meses\/#breadcrumb"},"inLanguage":"es","potentialAction":[{"@type":"ReadAction","target":["https:\/\/www.lasik.com\/es\/financiacion-carecredit-sin-intereses-si-se-paga-integramente-en-18-meses\/"]}]},{"@type":"BreadcrumbList","@id":"https:\/\/www.lasik.com\/es\/financiacion-carecredit-sin-intereses-si-se-paga-integramente-en-18-meses\/#breadcrumb","itemListElement":[{"@type":"ListItem","position":1,"name":"Home","item":"https:\/\/www.lasik.com\/es\/"},{"@type":"ListItem","position":2,"name":"Financiaci\u00f3n CareCredit &#8211; Sin intereses si se paga \u00edntegramente en 18 meses"}]},{"@type":"WebSite","@id":"https:\/\/www.lasik.com\/es\/#website","url":"https:\/\/www.lasik.com\/es\/","name":"LASIK","description":"Todo LASIK. Todo en un lugar.","publisher":{"@id":"https:\/\/www.lasik.com\/es\/#organization"},"alternateName":"LASIK.com Official Site","potentialAction":[{"@type":"SearchAction","target":{"@type":"EntryPoint","urlTemplate":"https:\/\/www.lasik.com\/es\/?s={search_term_string}"},"query-input":{"@type":"PropertyValueSpecification","valueRequired":true,"valueName":"search_term_string"}}],"inLanguage":"es"},{"@type":"Organization","@id":"https:\/\/www.lasik.com\/es\/#organization","name":"LASIK","alternateName":"Laser-Assisted In Situ Keratomileusis","url":"https:\/\/www.lasik.com\/es\/","logo":{"@type":"ImageObject","inLanguage":"es","@id":"https:\/\/www.lasik.com\/es\/#\/schema\/logo\/image\/","url":"https:\/\/www.lasik.com\/wp-content\/uploads\/2023\/06\/Artboard.png","contentUrl":"https:\/\/www.lasik.com\/wp-content\/uploads\/2023\/06\/Artboard.png","width":500,"height":500,"caption":"LASIK"},"image":{"@id":"https:\/\/www.lasik.com\/es\/#\/schema\/logo\/image\/"},"sameAs":["https:\/\/www.instagram.com\/lasik_com\/","https:\/\/x.com\/lasikdotcom","https:\/\/www.tiktok.com\/@lasik.com?lang=en"],"description":"LASIK is the leading laser vision correction procedure and national organization dedicated to advancing and delivering laser vision correction. Bringing together some of the most experienced surgeons, advanced technology, and trusted practices in the industry. Rather than being just a medical procedure. LASIK.com is a full-service organization built to educate patients, set rigorous standards for care, and make modern LASIK accessible to people across the United States.","legalName":"LASIK","foundingDate":"1995-05-09"}]}},"_links":{"self":[{"href":"https:\/\/www.lasik.com\/es\/wp-json\/wp\/v2\/pages\/10475","targetHints":{"allow":["GET"]}}],"collection":[{"href":"https:\/\/www.lasik.com\/es\/wp-json\/wp\/v2\/pages"}],"about":[{"href":"https:\/\/www.lasik.com\/es\/wp-json\/wp\/v2\/types\/page"}],"author":[{"embeddable":true,"href":"https:\/\/www.lasik.com\/es\/wp-json\/wp\/v2\/users\/2"}],"replies":[{"embeddable":true,"href":"https:\/\/www.lasik.com\/es\/wp-json\/wp\/v2\/comments?post=10475"}],"version-history":[{"count":3,"href":"https:\/\/www.lasik.com\/es\/wp-json\/wp\/v2\/pages\/10475\/revisions"}],"predecessor-version":[{"id":13389,"href":"https:\/\/www.lasik.com\/es\/wp-json\/wp\/v2\/pages\/10475\/revisions\/13389"}],"wp:attachment":[{"href":"https:\/\/www.lasik.com\/es\/wp-json\/wp\/v2\/media?parent=10475"}],"curies":[{"name":"wp","href":"https:\/\/api.w.org\/{rel}","templated":true}]}}