{"id":10247,"date":"2023-12-14T13:27:31","date_gmt":"2023-12-14T18:27:31","guid":{"rendered":"https:\/\/dev.lasik.com\/cuales-son-los-resultados-a-largo-plazo-de-la-cirugia-ocular-lasik\/"},"modified":"2024-10-22T17:22:46","modified_gmt":"2024-10-22T21:22:46","slug":"cuales-son-los-resultados-a-largo-plazo-de-la-cirugia-ocular-lasik","status":"publish","type":"page","link":"https:\/\/www.lasik.com\/es\/cuales-son-los-resultados-a-largo-plazo-de-la-cirugia-ocular-lasik\/","title":{"rendered":"\u00bfCu\u00e1les son los resultados a largo plazo de la cirug\u00eda ocular LASIK?"},"content":{"rendered":"\n<div class=\"wp-block-media-text alignfull is-stacked-on-mobile is-image-fill is-style-30-gap has-shade-background-color has-background\"><figure class=\"wp-block-media-text__media\" style=\"background-image:url(https:\/\/www.lasik.com\/wp-content\/uploads\/2023\/12\/Adobe-Stock-229761725-1600x1068.jpg);background-position:53% 28%\"><img decoding=\"async\" width=\"1600\" height=\"1068\" src=\"https:\/\/www.lasik.com\/wp-content\/uploads\/2023\/12\/Adobe-Stock-229761725-1600x1068.jpg\" alt=\"\" class=\"wp-image-6240 size-full\" srcset=\"https:\/\/www.lasik.com\/wp-content\/uploads\/2023\/12\/Adobe-Stock-229761725-1600x1068.jpg 1600w, https:\/\/www.lasik.com\/wp-content\/uploads\/2023\/12\/Adobe-Stock-229761725-900x600.jpg 900w, https:\/\/www.lasik.com\/wp-content\/uploads\/2023\/12\/Adobe-Stock-229761725-1440x961.jpg 1440w, https:\/\/www.lasik.com\/wp-content\/uploads\/2023\/12\/Adobe-Stock-229761725-1536x1025.jpg 1536w, https:\/\/www.lasik.com\/wp-content\/uploads\/2023\/12\/Adobe-Stock-229761725-2048x1366.jpg 2048w, https:\/\/www.lasik.com\/wp-content\/uploads\/2023\/12\/Adobe-Stock-229761725-600x400.jpg 600w\" sizes=\"(max-width: 1600px) 100vw, 1600px\" \/><\/figure><div class=\"wp-block-media-text__content\">\n<div\n\taria-hidden=\"true\"\n\tclass=\"blocks block-responsive-spacer \"\n\t\tstyle=\"height: clamp(50px, calc(50px + 0vw * 100), 50px)\">\n<\/div>\n\n\n\n<h1 class=\"wp-block-heading\"><strong>\u00bfCu\u00e1les son los resultados a largo plazo de la cirug\u00eda ocular LASIK?<\/strong><\/h1>\n\n\n\n<p style=\"font-size:clamp(14px, 0.875rem + ((1vw - 3.2px) * 0.417), 18px);\">El LASIK suele proporcionar una correcci\u00f3n de la visi\u00f3n duradera. Sin embargo, es importante tener en cuenta que el proceso de envejecimiento puede afectar a los ojos, y es posible que necesite gafas de lectura a medida que envejece (presbicia).<\/p>\n\n\n\n<div\n\taria-hidden=\"true\"\n\tclass=\"blocks block-responsive-spacer \"\n\t\tstyle=\"height: clamp(50px, calc(50px + 0vw * 100), 50px)\">\n<\/div>\n<\/div><\/div>\n\n<div\n\taria-hidden=\"true\"\n\tclass=\"blocks block-responsive-spacer \"\n\t\tstyle=\"height: clamp(50px, calc(20px + 0.0625vw * 100), 100px)\">\n<\/div>\n\n<div class=\"wp-block-group alignfull has-global-padding is-layout-constrained wp-container-core-group-is-layout-9b5fd1f6 wp-block-group-is-layout-constrained\">\n<p class=\"has-black-color has-text-color has-link-color wp-elements-d244908a145fd5a75c59c323bc738ee4\" style=\"font-size:clamp(15.747px, 0.984rem + ((1vw - 3.2px) * 0.86), 24px);line-height:1.6\">Algunas personas pueden experimentar peque\u00f1os cambios en la visi\u00f3n con el paso del tiempo, que normalmente pueden abordarse con mejoras u otras opciones de correcci\u00f3n visual.<\/p>\n\n\n\n<p>El LASIK tiene un alto \u00edndice de \u00e9xito y ha mejorado la visi\u00f3n y la calidad de vida de millones de personas en todo el mundo. Sin embargo, los resultados pueden variar en funci\u00f3n de factores individuales, por lo que es esencial tener expectativas realistas y seguir las recomendaciones del cirujano para disfrutar de una experiencia LASIK satisfactoria.<\/p>\n\n\n\n<p>El LASIK es un procedimiento quir\u00fargico preciso cuyo objetivo es corregir estos problemas de visi\u00f3n mediante la remodelaci\u00f3n de la c\u00f3rnea, mejorando as\u00ed la capacidad del ojo para enfocar la luz con precisi\u00f3n.<\/p>\n\n\n\n<h2 class=\"wp-block-heading\">Mejoras de por vida<\/h2>\n\n\n\n<p>Aunque la cirug\u00eda ocular LASIK es una soluci\u00f3n de correcci\u00f3n de la visi\u00f3n a largo plazo, un peque\u00f1o porcentaje de pacientes necesita un nuevo tratamiento tras la intervenci\u00f3n inicial. Tambi\u00e9n se conoce como procedimiento de mejora o retoque LASIK.<\/p>\n\n\n\n<p>Las mejoras LASIK, tambi\u00e9n conocidas como procedimientos de retoque o retratamiento, consisten en realizar ajustes adicionales en la c\u00f3rnea para perfeccionar la correcci\u00f3n de la visi\u00f3n conseguida durante la cirug\u00eda LASIK inicial. El procedimiento es similar a la cirug\u00eda LASIK original, pero los ajustes se adaptan para abordar los cambios espec\u00edficos en la visi\u00f3n del paciente.<\/p>\n\n\n\n<p><strong>Para ofrecer garant\u00edas y tranquilidad a los pacientes, exigimos a nuestra red LASIK que ofrezca programas de mejora de por vida.<\/strong>  Estos programas cubren el coste de cualquier mejora necesaria, lo que permite a los pacientes someterse a procedimientos adicionales si su visi\u00f3n cambia significativamente con el tiempo. Este compromiso de atenci\u00f3n continuada subraya la dedicaci\u00f3n de los proveedores de LASIK a garantizar que sus pacientes mantengan una visi\u00f3n \u00f3ptima durante toda su vida.<\/p>\n\n\n\n<p>Le animamos a que pregunte a un m\u00e9dico de confianza de la red LASIK sobre las opciones de mejora durante su consulta gratuita.<\/p>\n\n\n\n<div class=\"wp-block-buttons is-layout-flex wp-block-buttons-is-layout-flex\">\n<div class=\"wp-block-button\"><a class=\"wp-block-button__link wp-element-button\">Concertar una consulta gratuita<\/a><\/div>\n<\/div>\n<\/div>\n","protected":false},"excerpt":{"rendered":"<p>Algunas personas pueden experimentar peque\u00f1os cambios en la visi\u00f3n con el paso del tiempo, que normalmente pueden abordarse con mejoras u otras opciones de correcci\u00f3n visual. El LASIK tiene un alto \u00edndice de \u00e9xito y ha mejorado la visi\u00f3n y la calidad de vida de millones de personas en todo el mundo. Sin embargo, los&hellip; <a class=\"more-link\" href=\"https:\/\/www.lasik.com\/es\/cuales-son-los-resultados-a-largo-plazo-de-la-cirugia-ocular-lasik\/\">Sigue leyendo<\/a><\/p>\n","protected":false},"author":1,"featured_media":0,"parent":0,"menu_order":0,"comment_status":"closed","ping_status":"closed","template":"","meta":{"_acf_changed":false,"footnotes":""},"class_list":["post-10247","page","type-page","status-publish","hentry"],"acf":[],"yoast_head":"<!-- This site is optimized with the Yoast SEO Premium plugin v27.5 (Yoast SEO v27.5) - https:\/\/yoast.com\/product\/yoast-seo-premium-wordpress\/ -->\n<title>\u00bfCu\u00e1les son los resultados a largo plazo de la cirug\u00eda ocular LASIK? | Sitio Oficial de LASIK.com\u2122<\/title>\n<meta name=\"robots\" content=\"index, follow, max-snippet:-1, max-image-preview:large, max-video-preview:-1\" \/>\n<link rel=\"canonical\" href=\"https:\/\/www.lasik.com\/es\/cuales-son-los-resultados-a-largo-plazo-de-la-cirugia-ocular-lasik\/\" \/>\n<meta property=\"og:locale\" content=\"es_ES\" \/>\n<meta property=\"og:type\" content=\"article\" \/>\n<meta property=\"og:title\" content=\"\u00bfCu\u00e1les son los resultados a largo plazo de la cirug\u00eda ocular LASIK?\" \/>\n<meta property=\"og:description\" content=\"Algunas personas pueden experimentar peque\u00f1os cambios en la visi\u00f3n con el paso del tiempo, que normalmente pueden abordarse con mejoras u otras opciones de correcci\u00f3n visual. El LASIK tiene un alto \u00edndice de \u00e9xito y ha mejorado la visi\u00f3n y la calidad de vida de millones de personas en todo el mundo. Sin embargo, los&hellip; Sigue leyendo\" \/>\n<meta property=\"og:url\" content=\"https:\/\/www.lasik.com\/es\/cuales-son-los-resultados-a-largo-plazo-de-la-cirugia-ocular-lasik\/\" \/>\n<meta property=\"og:site_name\" content=\"Sitio Oficial de LASIK.com\u2122\" \/>\n<meta property=\"article:publisher\" content=\"https:\/\/www.instagram.com\/lasik_com\/\" \/>\n<meta property=\"article:modified_time\" content=\"2024-10-22T21:22:46+00:00\" \/>\n<meta property=\"og:image\" content=\"https:\/\/www.lasik.com\/wp-content\/uploads\/2023\/12\/Adobe-Stock-229761725-1600x1068.jpg\" \/>\n<meta name=\"twitter:card\" content=\"summary_large_image\" \/>\n<meta name=\"twitter:site\" content=\"@lasikdotcom\" \/>\n<script type=\"application\/ld+json\" class=\"yoast-schema-graph\">{\"@context\":\"https:\\\/\\\/schema.org\",\"@graph\":[{\"@type\":\"WebPage\",\"@id\":\"https:\\\/\\\/www.lasik.com\\\/es\\\/cuales-son-los-resultados-a-largo-plazo-de-la-cirugia-ocular-lasik\\\/\",\"url\":\"https:\\\/\\\/www.lasik.com\\\/es\\\/cuales-son-los-resultados-a-largo-plazo-de-la-cirugia-ocular-lasik\\\/\",\"name\":\"\u00bfCu\u00e1les son los resultados a largo plazo de la cirug\u00eda ocular LASIK? | Sitio Oficial de LASIK.com\u2122\",\"isPartOf\":{\"@id\":\"https:\\\/\\\/www.lasik.com\\\/es\\\/#website\"},\"primaryImageOfPage\":{\"@id\":\"https:\\\/\\\/www.lasik.com\\\/es\\\/cuales-son-los-resultados-a-largo-plazo-de-la-cirugia-ocular-lasik\\\/#primaryimage\"},\"image\":{\"@id\":\"https:\\\/\\\/www.lasik.com\\\/es\\\/cuales-son-los-resultados-a-largo-plazo-de-la-cirugia-ocular-lasik\\\/#primaryimage\"},\"thumbnailUrl\":\"https:\\\/\\\/www.lasik.com\\\/wp-content\\\/uploads\\\/2023\\\/12\\\/Adobe-Stock-229761725-1600x1068.jpg\",\"datePublished\":\"2023-12-14T18:27:31+00:00\",\"dateModified\":\"2024-10-22T21:22:46+00:00\",\"breadcrumb\":{\"@id\":\"https:\\\/\\\/www.lasik.com\\\/es\\\/cuales-son-los-resultados-a-largo-plazo-de-la-cirugia-ocular-lasik\\\/#breadcrumb\"},\"inLanguage\":\"es\",\"potentialAction\":[{\"@type\":\"ReadAction\",\"target\":[\"https:\\\/\\\/www.lasik.com\\\/es\\\/cuales-son-los-resultados-a-largo-plazo-de-la-cirugia-ocular-lasik\\\/\"]}]},{\"@type\":\"ImageObject\",\"inLanguage\":\"es\",\"@id\":\"https:\\\/\\\/www.lasik.com\\\/es\\\/cuales-son-los-resultados-a-largo-plazo-de-la-cirugia-ocular-lasik\\\/#primaryimage\",\"url\":\"https:\\\/\\\/www.lasik.com\\\/wp-content\\\/uploads\\\/2023\\\/12\\\/Adobe-Stock-229761725-1600x1068.jpg\",\"contentUrl\":\"https:\\\/\\\/www.lasik.com\\\/wp-content\\\/uploads\\\/2023\\\/12\\\/Adobe-Stock-229761725-1600x1068.jpg\"},{\"@type\":\"BreadcrumbList\",\"@id\":\"https:\\\/\\\/www.lasik.com\\\/es\\\/cuales-son-los-resultados-a-largo-plazo-de-la-cirugia-ocular-lasik\\\/#breadcrumb\",\"itemListElement\":[{\"@type\":\"ListItem\",\"position\":1,\"name\":\"Home\",\"item\":\"https:\\\/\\\/www.lasik.com\\\/es\\\/\"},{\"@type\":\"ListItem\",\"position\":2,\"name\":\"\u00bfCu\u00e1les son los resultados a largo plazo de la cirug\u00eda ocular LASIK?\"}]},{\"@type\":\"WebSite\",\"@id\":\"https:\\\/\\\/www.lasik.com\\\/es\\\/#website\",\"url\":\"https:\\\/\\\/www.lasik.com\\\/es\\\/\",\"name\":\"LASIK\",\"description\":\"Todo LASIK. Todo en un lugar.\",\"publisher\":{\"@id\":\"https:\\\/\\\/www.lasik.com\\\/es\\\/#organization\"},\"alternateName\":\"LASIK.com Official Site\",\"potentialAction\":[{\"@type\":\"SearchAction\",\"target\":{\"@type\":\"EntryPoint\",\"urlTemplate\":\"https:\\\/\\\/www.lasik.com\\\/es\\\/?s={search_term_string}\"},\"query-input\":{\"@type\":\"PropertyValueSpecification\",\"valueRequired\":true,\"valueName\":\"search_term_string\"}}],\"inLanguage\":\"es\"},{\"@type\":\"Organization\",\"@id\":\"https:\\\/\\\/www.lasik.com\\\/es\\\/#organization\",\"name\":\"LASIK\",\"alternateName\":\"Laser-Assisted In Situ Keratomileusis\",\"url\":\"https:\\\/\\\/www.lasik.com\\\/es\\\/\",\"logo\":{\"@type\":\"ImageObject\",\"inLanguage\":\"es\",\"@id\":\"https:\\\/\\\/www.lasik.com\\\/es\\\/#\\\/schema\\\/logo\\\/image\\\/\",\"url\":\"https:\\\/\\\/www.lasik.com\\\/wp-content\\\/uploads\\\/2023\\\/06\\\/Artboard.png\",\"contentUrl\":\"https:\\\/\\\/www.lasik.com\\\/wp-content\\\/uploads\\\/2023\\\/06\\\/Artboard.png\",\"width\":500,\"height\":500,\"caption\":\"LASIK\"},\"image\":{\"@id\":\"https:\\\/\\\/www.lasik.com\\\/es\\\/#\\\/schema\\\/logo\\\/image\\\/\"},\"sameAs\":[\"https:\\\/\\\/www.instagram.com\\\/lasik_com\\\/\",\"https:\\\/\\\/x.com\\\/lasikdotcom\",\"https:\\\/\\\/www.tiktok.com\\\/@lasik.com?lang=en\"],\"description\":\"LASIK is the leading laser vision correction procedure and national organization dedicated to advancing and delivering laser vision correction. Bringing together some of the most experienced surgeons, advanced technology, and trusted practices in the industry. Rather than being just a medical procedure. LASIK.com is a full-service organization built to educate patients, set rigorous standards for care, and make modern LASIK accessible to people across the United States.\",\"legalName\":\"LASIK\",\"foundingDate\":\"1995-05-09\"}]}<\/script>\n<!-- \/ Yoast SEO Premium plugin. -->","yoast_head_json":{"title":"\u00bfCu\u00e1les son los resultados a largo plazo de la cirug\u00eda ocular LASIK? | Sitio Oficial de LASIK.com\u2122","robots":{"index":"index","follow":"follow","max-snippet":"max-snippet:-1","max-image-preview":"max-image-preview:large","max-video-preview":"max-video-preview:-1"},"canonical":"https:\/\/www.lasik.com\/es\/cuales-son-los-resultados-a-largo-plazo-de-la-cirugia-ocular-lasik\/","og_locale":"es_ES","og_type":"article","og_title":"\u00bfCu\u00e1les son los resultados a largo plazo de la cirug\u00eda ocular LASIK?","og_description":"Algunas personas pueden experimentar peque\u00f1os cambios en la visi\u00f3n con el paso del tiempo, que normalmente pueden abordarse con mejoras u otras opciones de correcci\u00f3n visual. El LASIK tiene un alto \u00edndice de \u00e9xito y ha mejorado la visi\u00f3n y la calidad de vida de millones de personas en todo el mundo. Sin embargo, los&hellip; Sigue leyendo","og_url":"https:\/\/www.lasik.com\/es\/cuales-son-los-resultados-a-largo-plazo-de-la-cirugia-ocular-lasik\/","og_site_name":"Sitio Oficial de LASIK.com\u2122","article_publisher":"https:\/\/www.instagram.com\/lasik_com\/","article_modified_time":"2024-10-22T21:22:46+00:00","og_image":[{"url":"https:\/\/www.lasik.com\/wp-content\/uploads\/2023\/12\/Adobe-Stock-229761725-1600x1068.jpg","type":"","width":"","height":""}],"twitter_card":"summary_large_image","twitter_site":"@lasikdotcom","schema":{"@context":"https:\/\/schema.org","@graph":[{"@type":"WebPage","@id":"https:\/\/www.lasik.com\/es\/cuales-son-los-resultados-a-largo-plazo-de-la-cirugia-ocular-lasik\/","url":"https:\/\/www.lasik.com\/es\/cuales-son-los-resultados-a-largo-plazo-de-la-cirugia-ocular-lasik\/","name":"\u00bfCu\u00e1les son los resultados a largo plazo de la cirug\u00eda ocular LASIK? | Sitio Oficial de LASIK.com\u2122","isPartOf":{"@id":"https:\/\/www.lasik.com\/es\/#website"},"primaryImageOfPage":{"@id":"https:\/\/www.lasik.com\/es\/cuales-son-los-resultados-a-largo-plazo-de-la-cirugia-ocular-lasik\/#primaryimage"},"image":{"@id":"https:\/\/www.lasik.com\/es\/cuales-son-los-resultados-a-largo-plazo-de-la-cirugia-ocular-lasik\/#primaryimage"},"thumbnailUrl":"https:\/\/www.lasik.com\/wp-content\/uploads\/2023\/12\/Adobe-Stock-229761725-1600x1068.jpg","datePublished":"2023-12-14T18:27:31+00:00","dateModified":"2024-10-22T21:22:46+00:00","breadcrumb":{"@id":"https:\/\/www.lasik.com\/es\/cuales-son-los-resultados-a-largo-plazo-de-la-cirugia-ocular-lasik\/#breadcrumb"},"inLanguage":"es","potentialAction":[{"@type":"ReadAction","target":["https:\/\/www.lasik.com\/es\/cuales-son-los-resultados-a-largo-plazo-de-la-cirugia-ocular-lasik\/"]}]},{"@type":"ImageObject","inLanguage":"es","@id":"https:\/\/www.lasik.com\/es\/cuales-son-los-resultados-a-largo-plazo-de-la-cirugia-ocular-lasik\/#primaryimage","url":"https:\/\/www.lasik.com\/wp-content\/uploads\/2023\/12\/Adobe-Stock-229761725-1600x1068.jpg","contentUrl":"https:\/\/www.lasik.com\/wp-content\/uploads\/2023\/12\/Adobe-Stock-229761725-1600x1068.jpg"},{"@type":"BreadcrumbList","@id":"https:\/\/www.lasik.com\/es\/cuales-son-los-resultados-a-largo-plazo-de-la-cirugia-ocular-lasik\/#breadcrumb","itemListElement":[{"@type":"ListItem","position":1,"name":"Home","item":"https:\/\/www.lasik.com\/es\/"},{"@type":"ListItem","position":2,"name":"\u00bfCu\u00e1les son los resultados a largo plazo de la cirug\u00eda ocular LASIK?"}]},{"@type":"WebSite","@id":"https:\/\/www.lasik.com\/es\/#website","url":"https:\/\/www.lasik.com\/es\/","name":"LASIK","description":"Todo LASIK. Todo en un lugar.","publisher":{"@id":"https:\/\/www.lasik.com\/es\/#organization"},"alternateName":"LASIK.com Official Site","potentialAction":[{"@type":"SearchAction","target":{"@type":"EntryPoint","urlTemplate":"https:\/\/www.lasik.com\/es\/?s={search_term_string}"},"query-input":{"@type":"PropertyValueSpecification","valueRequired":true,"valueName":"search_term_string"}}],"inLanguage":"es"},{"@type":"Organization","@id":"https:\/\/www.lasik.com\/es\/#organization","name":"LASIK","alternateName":"Laser-Assisted In Situ Keratomileusis","url":"https:\/\/www.lasik.com\/es\/","logo":{"@type":"ImageObject","inLanguage":"es","@id":"https:\/\/www.lasik.com\/es\/#\/schema\/logo\/image\/","url":"https:\/\/www.lasik.com\/wp-content\/uploads\/2023\/06\/Artboard.png","contentUrl":"https:\/\/www.lasik.com\/wp-content\/uploads\/2023\/06\/Artboard.png","width":500,"height":500,"caption":"LASIK"},"image":{"@id":"https:\/\/www.lasik.com\/es\/#\/schema\/logo\/image\/"},"sameAs":["https:\/\/www.instagram.com\/lasik_com\/","https:\/\/x.com\/lasikdotcom","https:\/\/www.tiktok.com\/@lasik.com?lang=en"],"description":"LASIK is the leading laser vision correction procedure and national organization dedicated to advancing and delivering laser vision correction. Bringing together some of the most experienced surgeons, advanced technology, and trusted practices in the industry. Rather than being just a medical procedure. LASIK.com is a full-service organization built to educate patients, set rigorous standards for care, and make modern LASIK accessible to people across the United States.","legalName":"LASIK","foundingDate":"1995-05-09"}]}},"_links":{"self":[{"href":"https:\/\/www.lasik.com\/es\/wp-json\/wp\/v2\/pages\/10247","targetHints":{"allow":["GET"]}}],"collection":[{"href":"https:\/\/www.lasik.com\/es\/wp-json\/wp\/v2\/pages"}],"about":[{"href":"https:\/\/www.lasik.com\/es\/wp-json\/wp\/v2\/types\/page"}],"author":[{"embeddable":true,"href":"https:\/\/www.lasik.com\/es\/wp-json\/wp\/v2\/users\/1"}],"replies":[{"embeddable":true,"href":"https:\/\/www.lasik.com\/es\/wp-json\/wp\/v2\/comments?post=10247"}],"version-history":[{"count":2,"href":"https:\/\/www.lasik.com\/es\/wp-json\/wp\/v2\/pages\/10247\/revisions"}],"predecessor-version":[{"id":13543,"href":"https:\/\/www.lasik.com\/es\/wp-json\/wp\/v2\/pages\/10247\/revisions\/13543"}],"wp:attachment":[{"href":"https:\/\/www.lasik.com\/es\/wp-json\/wp\/v2\/media?parent=10247"}],"curies":[{"name":"wp","href":"https:\/\/api.w.org\/{rel}","templated":true}]}}