{"id":10240,"date":"2024-02-27T14:35:48","date_gmt":"2024-02-27T19:35:48","guid":{"rendered":"https:\/\/dev.lasik.com\/lasik-en-vivo\/"},"modified":"2024-10-22T16:32:23","modified_gmt":"2024-10-22T20:32:23","slug":"lasik-en-vivo","status":"publish","type":"page","link":"https:\/\/www.lasik.com\/es\/lasik-en-vivo\/","title":{"rendered":"LASIK EN VIVO"},"content":{"rendered":"\n<div class=\"wp-block-media-text alignfull is-stacked-on-mobile is-image-fill is-style-30-gap has-shade-background-color has-background\"><figure class=\"wp-block-media-text__media\" style=\"background-image:url(https:\/\/www.lasik.com\/wp-content\/uploads\/2023\/12\/LASIK-Discounts-1-1600x1362.png);background-position:50% 50%\"><img decoding=\"async\" src=\"https:\/\/www.lasik.com\/wp-content\/uploads\/2023\/12\/LASIK-Discounts-1-1600x1362.png\" alt=\"Tik Tok en directo\" class=\"wp-image-5913 size-full\"\/><\/figure><div class=\"wp-block-media-text__content\">\n<div\n\taria-hidden=\"true\"\n\tclass=\"blocks block-responsive-spacer \"\n\t\tstyle=\"height: clamp(50px, calc(50px + 0vw * 100), 50px)\">\n<\/div>\n\n\n\n<h1 class=\"wp-block-heading has-text-align-left is-style-muted-heading has-primary-color has-text-color has-link-color wp-elements-ff405c9fd643548476d2062d9c324b5e\"><strong>Hacemos que aprender sobre LASIK sea f\u00e1cil<\/strong><\/h1>\n\n\n\n<h1 class=\"wp-block-heading\"><strong>\u00bfTienes curiosidad por el LASIK?<\/strong><\/h1>\n\n\n\n<p style=\"font-size:clamp(14px, 0.875rem + ((1vw - 3.2px) * 0.417), 18px);\">Mira nuestras sesiones de <strong>la Experiencia del D\u00eda de<\/strong> Tratamiento en directo en TikTok. Esto te da una visi\u00f3n de primera mano para ver lo f\u00e1cil que es la cirug\u00eda LASIK, al tiempo que oyes directamente a pacientes y cirujanos.  <\/p>\n\n\n\n<ul class=\"wp-block-list is-style-checklist\">\n<li>  S\u00edguenos en <a href=\"https:\/\/www.tiktok.com\/@lasik.com\">TikTok<\/a> para recibir alertas cuando estemos en directo.  <\/li>\n\n\n\n<li>Sigue el siguiente <a href=\"#schedule\">calendario <\/a>para ver cu\u00e1ndo estaremos en directo<\/li>\n\n\n\n<li>Ver <a href=\"#prev-recordings\">grabaciones <\/a>de sesiones anteriores en tu propio horario<\/li>\n<\/ul>\n\n\n\n<div class=\"wp-block-buttons is-layout-flex wp-block-buttons-is-layout-flex\">\n<div class=\"wp-block-button\"><a class=\"wp-block-button__link wp-element-button\" href=\"#schedule\">Pr\u00f3ximo calendario<\/a><\/div>\n<\/div>\n\n\n\n<div\n\taria-hidden=\"true\"\n\tclass=\"blocks block-responsive-spacer \"\n\t\tstyle=\"height: clamp(50px, calc(50px + 0vw * 100), 50px)\">\n<\/div>\n<\/div><\/div>\n\n<div\n\taria-hidden=\"true\"\n\tclass=\"blocks block-responsive-spacer \"\n\t\tstyle=\"height: clamp(50px, calc(20px + 0.0625vw * 100), 100px)\">\n<\/div>\n\n<div class=\"wp-block-group alignwide has-global-padding is-layout-constrained wp-container-core-group-is-layout-a10c8a87 wp-block-group-is-layout-constrained\" id=\"schedule\" style=\"padding-right:0;padding-left:0\">\n<h2 class=\"wp-block-heading\">Pr\u00f3ximo calendario<\/h2>\n\n\n\n<ul class=\"wp-block-list\">\n<li>Experiencias en directo del d\u00eda de tratamiento con cirujanos de la red LASIK.com\n<ul class=\"wp-block-list\">\n<li>Viernes 27 de septiembre de 2024 a las 14:00 h EST con <a href=\"https:\/\/www.lasik.com\/es\/doctors\/dra-eileen-conti\/\">la Dra. Eileen Conti<\/a> en <a href=\"https:\/\/www.lasikplus.com\/location\/mt-laurel-lasik-center\/\"><em><strong>LasikPlus<\/strong><\/em> Mt. Laurel<\/a>\n<ul class=\"wp-block-list\">\n<li>Alojado en nuestra cuenta de TikTok: <a href=\"https:\/\/www.tiktok.com\/@lasik.com\" target=\"_blank\" rel=\"noreferrer noopener\">@lasik.com<\/a><\/li>\n<\/ul>\n<\/li>\n<\/ul>\n<\/li>\n<\/ul>\n<\/div>\n\n<div\n\taria-hidden=\"true\"\n\tclass=\"blocks block-responsive-spacer \"\n\t\tstyle=\"height: clamp(50px, calc(20px + 0.0625vw * 100), 100px)\">\n<\/div>\n\n<div class=\"wp-block-group alignfull page-hero-columns has-shade-background-color has-background has-global-padding is-layout-constrained wp-container-core-group-is-layout-5fb0786f wp-block-group-is-layout-constrained\">\n<div class=\"wp-block-columns is-layout-flex wp-container-core-columns-is-layout-47c06fe3 wp-block-columns-is-layout-flex\">\n<div class=\"wp-block-column is-vertically-aligned-center is-layout-flow wp-block-column-is-layout-flow\">\n<div\n\taria-hidden=\"true\"\n\tclass=\"blocks block-responsive-spacer \"\n\t\tstyle=\"height: clamp(50px, calc(20px + 0.0625vw * 100), 100px)\">\n<\/div>\n\n\n\n<h2 class=\"wp-block-heading has-text-align-left is-style-muted-heading has-primary-color has-text-color\"><strong>Transforme su visi\u00f3n<\/strong><\/h2>\n\n\n\n<h3 class=\"wp-block-heading has-text-align-left\" style=\"font-size:clamp(18.959px, 1.185rem + ((1vw - 3.2px) * 1.15), 30px);line-height:1.3\"><strong>Explorando la revoluci\u00f3n de la moderna cirug\u00eda ocular LASIK<\/strong><\/h3>\n\n\n\n<p>La cirug\u00eda ocular LASIK ha revolucionado el campo de la correcci\u00f3n visual al ofrecer una forma r\u00e1pida, eficaz y relativamente indolora de reducir o eliminar la necesidad de gafas o lentes de contacto.<\/p>\n\n\n\n<p>El LASIK moderno tiene una elevada tasa de \u00e9xito y ofrece una mejora de la visi\u00f3n que puede cambiar la vida de muchas personas, permiti\u00e9ndoles disfrutar de una mayor libertad y claridad en su vida cotidiana. Es esencial consultar con un cirujano ocular experimentado para determinar si el LASIK es una opci\u00f3n adecuada para sus necesidades visuales espec\u00edficas.<\/p>\n\n\n\n<div class=\"wp-block-buttons is-layout-flex wp-block-buttons-is-layout-flex\">\n<div class=\"wp-block-button\"><a class=\"wp-block-button__link wp-element-button\" href=\"#free-consultation\">PROGRAMAR CONSULTA GRATUITA<\/a><\/div>\n<\/div>\n\n\n\n<div\n\taria-hidden=\"true\"\n\tclass=\"blocks block-responsive-spacer \"\n\t\tstyle=\"height: clamp(50px, calc(20px + 0.0625vw * 100), 100px)\">\n<\/div>\n<\/div>\n\n\n\n<div class=\"wp-block-column is-vertically-aligned-bottom is-layout-flow wp-block-column-is-layout-flow\" style=\"flex-basis:40%\">\n<figure class=\"wp-block-image aligncenter size-full\"><img decoding=\"async\" width=\"835\" height=\"1060\" src=\"https:\/\/www.lasik.com\/wp-content\/uploads\/2023\/12\/1049768458-1.png\" alt=\"\" class=\"wp-image-6060\" srcset=\"https:\/\/www.lasik.com\/wp-content\/uploads\/2023\/12\/1049768458-1.png 835w, https:\/\/www.lasik.com\/wp-content\/uploads\/2023\/12\/1049768458-1-709x900.png 709w, https:\/\/www.lasik.com\/wp-content\/uploads\/2023\/12\/1049768458-1-600x762.png 600w\" sizes=\"(max-width: 835px) 100vw, 835px\" \/><\/figure>\n<\/div>\n<\/div>\n<\/div>\n\n<p><\/p>\n","protected":false},"excerpt":{"rendered":"<p>Pr\u00f3ximo calendario Transforme su visi\u00f3n Explorando la revoluci\u00f3n de la moderna cirug\u00eda ocular LASIK La cirug\u00eda ocular LASIK ha revolucionado el campo de la correcci\u00f3n visual al ofrecer una forma r\u00e1pida, eficaz y relativamente indolora de reducir o eliminar la necesidad de gafas o lentes de contacto. El LASIK moderno tiene una elevada tasa de&hellip; <a class=\"more-link\" href=\"https:\/\/www.lasik.com\/es\/lasik-en-vivo\/\">Sigue leyendo<\/a><\/p>\n","protected":false},"author":2,"featured_media":0,"parent":0,"menu_order":0,"comment_status":"closed","ping_status":"closed","template":"","meta":{"_acf_changed":false,"footnotes":""},"class_list":["post-10240","page","type-page","status-publish","hentry"],"acf":[],"yoast_head":"<!-- This site is optimized with the Yoast SEO Premium plugin v27.5 (Yoast SEO v27.5) - https:\/\/yoast.com\/product\/yoast-seo-premium-wordpress\/ -->\n<title>LASIK EN VIVO | Sitio Oficial de LASIK.com\u2122<\/title>\n<meta name=\"description\" content=\"La cirug\u00eda ocular LASIK es uno de los procedimientos electivos m\u00e1s populares del mundo que suele corregir problemas de visi\u00f3n refractiva.\" \/>\n<meta name=\"robots\" content=\"index, follow, max-snippet:-1, max-image-preview:large, max-video-preview:-1\" \/>\n<link rel=\"canonical\" href=\"https:\/\/www.lasik.com\/es\/lasik-en-vivo\/\" \/>\n<meta property=\"og:locale\" content=\"es_ES\" \/>\n<meta property=\"og:type\" content=\"article\" \/>\n<meta property=\"og:title\" content=\"LASIK EN VIVO\" \/>\n<meta property=\"og:description\" content=\"La cirug\u00eda ocular LASIK es uno de los procedimientos electivos m\u00e1s populares del mundo que suele corregir problemas de visi\u00f3n refractiva.\" \/>\n<meta property=\"og:url\" content=\"https:\/\/www.lasik.com\/es\/lasik-en-vivo\/\" \/>\n<meta property=\"og:site_name\" content=\"Sitio Oficial de LASIK.com\u2122\" \/>\n<meta property=\"article:publisher\" content=\"https:\/\/www.instagram.com\/lasik_com\/\" \/>\n<meta property=\"article:modified_time\" content=\"2024-10-22T20:32:23+00:00\" \/>\n<meta property=\"og:image\" content=\"https:\/\/www.lasik.com\/wp-content\/uploads\/2023\/12\/LASIK-Discounts-1-1600x1362.png\" \/>\n<meta name=\"twitter:card\" content=\"summary_large_image\" \/>\n<meta name=\"twitter:site\" content=\"@lasikdotcom\" \/>\n<script type=\"application\/ld+json\" class=\"yoast-schema-graph\">{\"@context\":\"https:\\\/\\\/schema.org\",\"@graph\":[{\"@type\":\"WebPage\",\"@id\":\"https:\\\/\\\/www.lasik.com\\\/es\\\/lasik-en-vivo\\\/\",\"url\":\"https:\\\/\\\/www.lasik.com\\\/es\\\/lasik-en-vivo\\\/\",\"name\":\"LASIK EN VIVO | Sitio Oficial de LASIK.com\u2122\",\"isPartOf\":{\"@id\":\"https:\\\/\\\/www.lasik.com\\\/es\\\/#website\"},\"primaryImageOfPage\":{\"@id\":\"https:\\\/\\\/www.lasik.com\\\/es\\\/lasik-en-vivo\\\/#primaryimage\"},\"image\":{\"@id\":\"https:\\\/\\\/www.lasik.com\\\/es\\\/lasik-en-vivo\\\/#primaryimage\"},\"thumbnailUrl\":\"https:\\\/\\\/www.lasik.com\\\/wp-content\\\/uploads\\\/2023\\\/12\\\/LASIK-Discounts-1-1600x1362.png\",\"datePublished\":\"2024-02-27T19:35:48+00:00\",\"dateModified\":\"2024-10-22T20:32:23+00:00\",\"description\":\"La cirug\u00eda ocular LASIK es uno de los procedimientos electivos m\u00e1s populares del mundo que suele corregir problemas de visi\u00f3n refractiva.\",\"breadcrumb\":{\"@id\":\"https:\\\/\\\/www.lasik.com\\\/es\\\/lasik-en-vivo\\\/#breadcrumb\"},\"inLanguage\":\"es\",\"potentialAction\":[{\"@type\":\"ReadAction\",\"target\":[\"https:\\\/\\\/www.lasik.com\\\/es\\\/lasik-en-vivo\\\/\"]}]},{\"@type\":\"ImageObject\",\"inLanguage\":\"es\",\"@id\":\"https:\\\/\\\/www.lasik.com\\\/es\\\/lasik-en-vivo\\\/#primaryimage\",\"url\":\"https:\\\/\\\/www.lasik.com\\\/wp-content\\\/uploads\\\/2023\\\/12\\\/LASIK-Discounts-1-1600x1362.png\",\"contentUrl\":\"https:\\\/\\\/www.lasik.com\\\/wp-content\\\/uploads\\\/2023\\\/12\\\/LASIK-Discounts-1-1600x1362.png\"},{\"@type\":\"BreadcrumbList\",\"@id\":\"https:\\\/\\\/www.lasik.com\\\/es\\\/lasik-en-vivo\\\/#breadcrumb\",\"itemListElement\":[{\"@type\":\"ListItem\",\"position\":1,\"name\":\"Home\",\"item\":\"https:\\\/\\\/www.lasik.com\\\/es\\\/\"},{\"@type\":\"ListItem\",\"position\":2,\"name\":\"LASIK EN VIVO\"}]},{\"@type\":\"WebSite\",\"@id\":\"https:\\\/\\\/www.lasik.com\\\/es\\\/#website\",\"url\":\"https:\\\/\\\/www.lasik.com\\\/es\\\/\",\"name\":\"LASIK\",\"description\":\"Todo LASIK. Todo en un lugar.\",\"publisher\":{\"@id\":\"https:\\\/\\\/www.lasik.com\\\/es\\\/#organization\"},\"alternateName\":\"LASIK.com Official Site\",\"potentialAction\":[{\"@type\":\"SearchAction\",\"target\":{\"@type\":\"EntryPoint\",\"urlTemplate\":\"https:\\\/\\\/www.lasik.com\\\/es\\\/?s={search_term_string}\"},\"query-input\":{\"@type\":\"PropertyValueSpecification\",\"valueRequired\":true,\"valueName\":\"search_term_string\"}}],\"inLanguage\":\"es\"},{\"@type\":\"Organization\",\"@id\":\"https:\\\/\\\/www.lasik.com\\\/es\\\/#organization\",\"name\":\"LASIK\",\"alternateName\":\"Laser-Assisted In Situ Keratomileusis\",\"url\":\"https:\\\/\\\/www.lasik.com\\\/es\\\/\",\"logo\":{\"@type\":\"ImageObject\",\"inLanguage\":\"es\",\"@id\":\"https:\\\/\\\/www.lasik.com\\\/es\\\/#\\\/schema\\\/logo\\\/image\\\/\",\"url\":\"https:\\\/\\\/www.lasik.com\\\/wp-content\\\/uploads\\\/2023\\\/06\\\/Artboard.png\",\"contentUrl\":\"https:\\\/\\\/www.lasik.com\\\/wp-content\\\/uploads\\\/2023\\\/06\\\/Artboard.png\",\"width\":500,\"height\":500,\"caption\":\"LASIK\"},\"image\":{\"@id\":\"https:\\\/\\\/www.lasik.com\\\/es\\\/#\\\/schema\\\/logo\\\/image\\\/\"},\"sameAs\":[\"https:\\\/\\\/www.instagram.com\\\/lasik_com\\\/\",\"https:\\\/\\\/x.com\\\/lasikdotcom\",\"https:\\\/\\\/www.tiktok.com\\\/@lasik.com?lang=en\"],\"description\":\"LASIK is the leading laser vision correction procedure and national organization dedicated to advancing and delivering laser vision correction. Bringing together some of the most experienced surgeons, advanced technology, and trusted practices in the industry. Rather than being just a medical procedure. LASIK.com is a full-service organization built to educate patients, set rigorous standards for care, and make modern LASIK accessible to people across the United States.\",\"legalName\":\"LASIK\",\"foundingDate\":\"1995-05-09\"}]}<\/script>\n<!-- \/ Yoast SEO Premium plugin. -->","yoast_head_json":{"title":"LASIK EN VIVO | Sitio Oficial de LASIK.com\u2122","description":"La cirug\u00eda ocular LASIK es uno de los procedimientos electivos m\u00e1s populares del mundo que suele corregir problemas de visi\u00f3n refractiva.","robots":{"index":"index","follow":"follow","max-snippet":"max-snippet:-1","max-image-preview":"max-image-preview:large","max-video-preview":"max-video-preview:-1"},"canonical":"https:\/\/www.lasik.com\/es\/lasik-en-vivo\/","og_locale":"es_ES","og_type":"article","og_title":"LASIK EN VIVO","og_description":"La cirug\u00eda ocular LASIK es uno de los procedimientos electivos m\u00e1s populares del mundo que suele corregir problemas de visi\u00f3n refractiva.","og_url":"https:\/\/www.lasik.com\/es\/lasik-en-vivo\/","og_site_name":"Sitio Oficial de LASIK.com\u2122","article_publisher":"https:\/\/www.instagram.com\/lasik_com\/","article_modified_time":"2024-10-22T20:32:23+00:00","og_image":[{"url":"https:\/\/www.lasik.com\/wp-content\/uploads\/2023\/12\/LASIK-Discounts-1-1600x1362.png","type":"","width":"","height":""}],"twitter_card":"summary_large_image","twitter_site":"@lasikdotcom","schema":{"@context":"https:\/\/schema.org","@graph":[{"@type":"WebPage","@id":"https:\/\/www.lasik.com\/es\/lasik-en-vivo\/","url":"https:\/\/www.lasik.com\/es\/lasik-en-vivo\/","name":"LASIK EN VIVO | Sitio Oficial de LASIK.com\u2122","isPartOf":{"@id":"https:\/\/www.lasik.com\/es\/#website"},"primaryImageOfPage":{"@id":"https:\/\/www.lasik.com\/es\/lasik-en-vivo\/#primaryimage"},"image":{"@id":"https:\/\/www.lasik.com\/es\/lasik-en-vivo\/#primaryimage"},"thumbnailUrl":"https:\/\/www.lasik.com\/wp-content\/uploads\/2023\/12\/LASIK-Discounts-1-1600x1362.png","datePublished":"2024-02-27T19:35:48+00:00","dateModified":"2024-10-22T20:32:23+00:00","description":"La cirug\u00eda ocular LASIK es uno de los procedimientos electivos m\u00e1s populares del mundo que suele corregir problemas de visi\u00f3n refractiva.","breadcrumb":{"@id":"https:\/\/www.lasik.com\/es\/lasik-en-vivo\/#breadcrumb"},"inLanguage":"es","potentialAction":[{"@type":"ReadAction","target":["https:\/\/www.lasik.com\/es\/lasik-en-vivo\/"]}]},{"@type":"ImageObject","inLanguage":"es","@id":"https:\/\/www.lasik.com\/es\/lasik-en-vivo\/#primaryimage","url":"https:\/\/www.lasik.com\/wp-content\/uploads\/2023\/12\/LASIK-Discounts-1-1600x1362.png","contentUrl":"https:\/\/www.lasik.com\/wp-content\/uploads\/2023\/12\/LASIK-Discounts-1-1600x1362.png"},{"@type":"BreadcrumbList","@id":"https:\/\/www.lasik.com\/es\/lasik-en-vivo\/#breadcrumb","itemListElement":[{"@type":"ListItem","position":1,"name":"Home","item":"https:\/\/www.lasik.com\/es\/"},{"@type":"ListItem","position":2,"name":"LASIK EN VIVO"}]},{"@type":"WebSite","@id":"https:\/\/www.lasik.com\/es\/#website","url":"https:\/\/www.lasik.com\/es\/","name":"LASIK","description":"Todo LASIK. Todo en un lugar.","publisher":{"@id":"https:\/\/www.lasik.com\/es\/#organization"},"alternateName":"LASIK.com Official Site","potentialAction":[{"@type":"SearchAction","target":{"@type":"EntryPoint","urlTemplate":"https:\/\/www.lasik.com\/es\/?s={search_term_string}"},"query-input":{"@type":"PropertyValueSpecification","valueRequired":true,"valueName":"search_term_string"}}],"inLanguage":"es"},{"@type":"Organization","@id":"https:\/\/www.lasik.com\/es\/#organization","name":"LASIK","alternateName":"Laser-Assisted In Situ Keratomileusis","url":"https:\/\/www.lasik.com\/es\/","logo":{"@type":"ImageObject","inLanguage":"es","@id":"https:\/\/www.lasik.com\/es\/#\/schema\/logo\/image\/","url":"https:\/\/www.lasik.com\/wp-content\/uploads\/2023\/06\/Artboard.png","contentUrl":"https:\/\/www.lasik.com\/wp-content\/uploads\/2023\/06\/Artboard.png","width":500,"height":500,"caption":"LASIK"},"image":{"@id":"https:\/\/www.lasik.com\/es\/#\/schema\/logo\/image\/"},"sameAs":["https:\/\/www.instagram.com\/lasik_com\/","https:\/\/x.com\/lasikdotcom","https:\/\/www.tiktok.com\/@lasik.com?lang=en"],"description":"LASIK is the leading laser vision correction procedure and national organization dedicated to advancing and delivering laser vision correction. Bringing together some of the most experienced surgeons, advanced technology, and trusted practices in the industry. Rather than being just a medical procedure. LASIK.com is a full-service organization built to educate patients, set rigorous standards for care, and make modern LASIK accessible to people across the United States.","legalName":"LASIK","foundingDate":"1995-05-09"}]}},"_links":{"self":[{"href":"https:\/\/www.lasik.com\/es\/wp-json\/wp\/v2\/pages\/10240","targetHints":{"allow":["GET"]}}],"collection":[{"href":"https:\/\/www.lasik.com\/es\/wp-json\/wp\/v2\/pages"}],"about":[{"href":"https:\/\/www.lasik.com\/es\/wp-json\/wp\/v2\/types\/page"}],"author":[{"embeddable":true,"href":"https:\/\/www.lasik.com\/es\/wp-json\/wp\/v2\/users\/2"}],"replies":[{"embeddable":true,"href":"https:\/\/www.lasik.com\/es\/wp-json\/wp\/v2\/comments?post=10240"}],"version-history":[{"count":5,"href":"https:\/\/www.lasik.com\/es\/wp-json\/wp\/v2\/pages\/10240\/revisions"}],"predecessor-version":[{"id":13491,"href":"https:\/\/www.lasik.com\/es\/wp-json\/wp\/v2\/pages\/10240\/revisions\/13491"}],"wp:attachment":[{"href":"https:\/\/www.lasik.com\/es\/wp-json\/wp\/v2\/media?parent=10240"}],"curies":[{"name":"wp","href":"https:\/\/api.w.org\/{rel}","templated":true}]}}