{"id":10208,"date":"2023-12-14T13:38:06","date_gmt":"2023-12-14T18:38:06","guid":{"rendered":"https:\/\/dev.lasik.com\/cubre-el-seguro-aetna-la-cirugia-ocular-lasik\/"},"modified":"2024-10-22T19:26:53","modified_gmt":"2024-10-22T23:26:53","slug":"cubre-el-seguro-aetna-la-cirugia-ocular-lasik","status":"publish","type":"page","link":"https:\/\/www.lasik.com\/es\/cubre-el-seguro-el-lasik\/cubre-el-seguro-aetna-la-cirugia-ocular-lasik\/","title":{"rendered":"\u00bfCubre el seguro Aetna la cirug\u00eda ocular LASIK?"},"content":{"rendered":"\n<div class=\"wp-block-media-text alignfull is-stacked-on-mobile is-image-fill is-style-30-gap has-shade-background-color has-background\"><figure class=\"wp-block-media-text__media\" style=\"background-image:url(https:\/\/www.lasik.com\/wp-content\/uploads\/2024\/01\/GettyImages-685011185-1600x1067.jpg);background-position:50% 50%\"><img decoding=\"async\" width=\"1600\" height=\"1067\" src=\"https:\/\/www.lasik.com\/wp-content\/uploads\/2024\/01\/GettyImages-685011185-1600x1067.jpg\" alt=\"\" class=\"wp-image-7173 size-full\" srcset=\"https:\/\/www.lasik.com\/wp-content\/uploads\/2024\/01\/GettyImages-685011185-1600x1067.jpg 1600w, https:\/\/www.lasik.com\/wp-content\/uploads\/2024\/01\/GettyImages-685011185-900x600.jpg 900w, https:\/\/www.lasik.com\/wp-content\/uploads\/2024\/01\/GettyImages-685011185-1440x960.jpg 1440w, https:\/\/www.lasik.com\/wp-content\/uploads\/2024\/01\/GettyImages-685011185-1536x1024.jpg 1536w, https:\/\/www.lasik.com\/wp-content\/uploads\/2024\/01\/GettyImages-685011185-2048x1365.jpg 2048w, https:\/\/www.lasik.com\/wp-content\/uploads\/2024\/01\/GettyImages-685011185-600x400.jpg 600w\" sizes=\"(max-width: 1600px) 100vw, 1600px\" \/><\/figure><div class=\"wp-block-media-text__content\">\n<figure class=\"wp-block-image size-large is-resized has-custom-border\"><img decoding=\"async\" src=\"https:\/\/www.lasik.com\/wp-content\/uploads\/2024\/01\/Aetna-Logo-PNG-Transparent-2-1600x465.png\" alt=\"\" class=\"wp-image-6849\" style=\"border-style:none;border-width:0px;border-radius:0px;width:241px;height:auto\"\/><\/figure>\n\n\n\n<p class=\"is-style-muted-heading has-primary-color has-text-color\" style=\"margin-top:var(--wp--preset--spacing--32);margin-bottom:var(--wp--preset--spacing--32)\">Aetna<strong> y la cirug\u00eda ocular LASIK<\/strong><\/p>\n\n\n\n<h1 class=\"wp-block-heading\"><strong><strong>\u00bfCubre el seguro Aetna la cirug\u00eda ocular LASIK?  <\/strong><\/strong><\/h1>\n\n\n\n<div class=\"wp-block-buttons is-layout-flex wp-block-buttons-is-layout-flex\">\n<div class=\"wp-block-button\"><a class=\"wp-block-button__link wp-element-button\" href=\"#free-consultation\">Reserve una consulta GRATUITA<\/a><\/div>\n<\/div>\n<\/div><\/div>\n\n<div\n\taria-hidden=\"true\"\n\tclass=\"blocks block-responsive-spacer \"\n\t\tstyle=\"height: clamp(50px, calc(20px + 0.0625vw * 100), 100px)\">\n<\/div>\n\n<div class=\"wp-block-group alignfull has-global-padding is-layout-constrained wp-container-core-group-is-layout-9b5fd1f6 wp-block-group-is-layout-constrained\">\n<p class=\"is-style-muted-heading has-primary-color has-text-color\" style=\"margin-bottom:30px\"><strong>Cobertura LASIK de Aetna<\/strong><\/p>\n\n\n\n<h2 class=\"wp-block-heading has-black-color has-text-color has-link-color wp-elements-e71427ca2d29b10c0db71ae34a1e08a9\"><strong><strong><strong>\u00bfCubre el LASIK el seguro de Aetna?<\/strong><\/strong><\/strong><\/h2>\n\n\n\n<p>No, desgraciadamente, Aetna no cubre totalmente la cirug\u00eda ocular LASIK.\nConsulta con el administrador de tu plan Aetna, pero la mayor\u00eda de los planes ofrecidos no tienen cobertura LASIK de Aetna.\nMuchos proveedores de LASIK, como LASIK.com, trabajan con la mayor\u00eda de los planes de salud y compa\u00f1\u00edas de seguros para ofrecer a nuestros clientes un servicio superior y, al mismo tiempo, ahorrarles dinero en el coste de la cirug\u00eda ocular LASIK no cubierta.\nAunque el desembolso inicial del LASIK es caro, suele ser una tarifa \u00fanica y, con el tiempo, el LASIK ahorrar\u00e1 dinero a los pacientes.   <\/p>\n\n\n\n<div\n\taria-hidden=\"true\"\n\tclass=\"blocks block-responsive-spacer \"\n\t\tstyle=\"height: clamp(50px, calc(50px + 0vw * 100), 50px)\">\n<\/div>\n<\/div>\n\n<div class=\"wp-block-group alignfull has-global-padding is-layout-constrained wp-container-core-group-is-layout-9b5fd1f6 wp-block-group-is-layout-constrained\">\n<p class=\"is-style-muted-heading has-primary-color has-text-color\" style=\"margin-bottom:30px\"><strong>Aetna LASIK Descuento<\/strong><\/p>\n\n\n\n<h2 class=\"wp-block-heading\"><strong>\u00bfOfrece Aetna un descuento especial en LASIK?<\/strong><\/h2>\n\n\n\n<p>S\u00ed, la Red LASIK.com ofrece 1.000 $ de descuento en el LASIK personalizado moderno Wavelight a los miembros de Aetna*.\nPrograma una consulta gratuita a trav\u00e9s de esta p\u00e1gina para ver si eres candidato y reclamar tu descuento especial de Aetna Healthcare.   <\/p>\n\n\n\n<p>*Debes mencionar esta promoci\u00f3n para poder optar a ella.\n1.000 $ de descuento (500 $ por ojo) en el precio est\u00e1ndar del procedimiento Wavelight.\nNo acumulable a otras ofertas.  <\/p>\n\n\n\n<div class=\"wp-block-buttons is-layout-flex wp-block-buttons-is-layout-flex\">\n<div class=\"wp-block-button\"><a class=\"wp-block-button__link wp-element-button\">Horario y oferta de reclamaci\u00f3n<\/a><\/div>\n<\/div>\n\n\n\n<div\n\taria-hidden=\"true\"\n\tclass=\"blocks block-responsive-spacer \"\n\t\tstyle=\"height: clamp(50px, calc(20px + 0.0625vw * 100), 100px)\">\n<\/div>\n\n\n\n<div class=\"wp-block-group alignfull has-global-padding is-layout-constrained wp-container-core-group-is-layout-530ec779 wp-block-group-is-layout-constrained\">\n<section class=\"blocks block-endcap alignfull \" id=\"block_meta_671834bb7fbad\">\n    <div class=\"endcap\">\n        <div class=\"endcap__image-wrapper\">\n            <img decoding=\"async\" width=\"900\" height=\"607\" src=\"https:\/\/www.lasik.com\/wp-content\/uploads\/2023\/06\/1232764960-900x607.png\" class=\"endcap__image\" alt=\"\" srcset=\"https:\/\/www.lasik.com\/wp-content\/uploads\/2023\/06\/1232764960-900x607.png 900w, https:\/\/www.lasik.com\/wp-content\/uploads\/2023\/06\/1232764960-600x405.png 600w, https:\/\/www.lasik.com\/wp-content\/uploads\/2023\/06\/1232764960.png 1367w\" sizes=\"(max-width: 900px) 100vw, 900px\" \/>        <\/div>\n        <div class=\"endcap__content-container\">\n            <h2 class=\"endcap__heading\">\u00a1Vea el mundo con claridad y confianza!<\/h2>\n            <div class=\"endcap__description\"><p>Con nuestro historial comprobado y millones de pacientes satisfechos, puede confiar en nosotros para ayudarlo a lograr la libertad visual.<\/p>\n<\/div>\n                                <a class=\"endcap__button button button is-tertiary\" href=\"\/es\/lasik-cerca-de-mi\/\" target=\"_self\">Encuentre Una Ubicaci\u00f3n<\/a>\n                    <\/div>\n    <\/div>\n<\/section>\n<\/div>\n<\/div>\n","protected":false},"excerpt":{"rendered":"<p>Cobertura LASIK de Aetna \u00bfCubre el LASIK el seguro de Aetna? No, desgraciadamente, Aetna no cubre totalmente la cirug\u00eda ocular LASIK. Consulta con el administrador de tu plan Aetna, pero la mayor\u00eda de los planes ofrecidos no tienen cobertura LASIK de Aetna. Muchos proveedores de LASIK, como LASIK.com, trabajan con la mayor\u00eda de los planes&hellip; <a class=\"more-link\" href=\"https:\/\/www.lasik.com\/es\/cubre-el-seguro-el-lasik\/cubre-el-seguro-aetna-la-cirugia-ocular-lasik\/\">Sigue leyendo<\/a><\/p>\n","protected":false},"author":1,"featured_media":0,"parent":10227,"menu_order":0,"comment_status":"closed","ping_status":"closed","template":"","meta":{"_acf_changed":false,"footnotes":""},"class_list":["post-10208","page","type-page","status-publish","hentry"],"acf":[],"yoast_head":"<!-- This site is optimized with the Yoast SEO Premium plugin v27.5 (Yoast SEO v27.6) - https:\/\/yoast.com\/product\/yoast-seo-premium-wordpress\/ -->\n<title>\u00bfCubre el seguro Aetna la cirug\u00eda ocular LASIK? | Sitio Oficial de LASIK.com\u2122<\/title>\n<meta name=\"robots\" content=\"index, follow, max-snippet:-1, max-image-preview:large, max-video-preview:-1\" \/>\n<link rel=\"canonical\" href=\"https:\/\/www.lasik.com\/es\/cubre-el-seguro-el-lasik\/cubre-el-seguro-aetna-la-cirugia-ocular-lasik\/\" \/>\n<meta property=\"og:locale\" content=\"es_ES\" \/>\n<meta property=\"og:type\" content=\"article\" \/>\n<meta property=\"og:title\" content=\"\u00bfCubre el seguro Aetna la cirug\u00eda ocular LASIK?\" \/>\n<meta property=\"og:description\" content=\"Cobertura LASIK de Aetna \u00bfCubre el LASIK el seguro de Aetna? No, desgraciadamente, Aetna no cubre totalmente la cirug\u00eda ocular LASIK. Consulta con el administrador de tu plan Aetna, pero la mayor\u00eda de los planes ofrecidos no tienen cobertura LASIK de Aetna. Muchos proveedores de LASIK, como LASIK.com, trabajan con la mayor\u00eda de los planes&hellip; Sigue leyendo\" \/>\n<meta property=\"og:url\" content=\"https:\/\/www.lasik.com\/es\/cubre-el-seguro-el-lasik\/cubre-el-seguro-aetna-la-cirugia-ocular-lasik\/\" \/>\n<meta property=\"og:site_name\" content=\"Sitio Oficial de LASIK.com\u2122\" \/>\n<meta property=\"article:publisher\" content=\"https:\/\/www.instagram.com\/lasik_com\/\" \/>\n<meta property=\"article:modified_time\" content=\"2024-10-22T23:26:53+00:00\" \/>\n<meta property=\"og:image\" content=\"https:\/\/www.lasik.com\/wp-content\/uploads\/2024\/01\/GettyImages-685011185.jpg\" \/>\n\t<meta property=\"og:image:width\" content=\"2121\" \/>\n\t<meta property=\"og:image:height\" content=\"1414\" \/>\n\t<meta property=\"og:image:type\" content=\"image\/jpeg\" \/>\n<meta name=\"twitter:card\" content=\"summary_large_image\" \/>\n<meta name=\"twitter:site\" content=\"@lasikdotcom\" \/>\n<script type=\"application\/ld+json\" class=\"yoast-schema-graph\">{\"@context\":\"https:\\\/\\\/schema.org\",\"@graph\":[{\"@type\":\"WebPage\",\"@id\":\"https:\\\/\\\/www.lasik.com\\\/es\\\/cubre-el-seguro-el-lasik\\\/cubre-el-seguro-aetna-la-cirugia-ocular-lasik\\\/\",\"url\":\"https:\\\/\\\/www.lasik.com\\\/es\\\/cubre-el-seguro-el-lasik\\\/cubre-el-seguro-aetna-la-cirugia-ocular-lasik\\\/\",\"name\":\"\u00bfCubre el seguro Aetna la cirug\u00eda ocular LASIK? | Sitio Oficial de LASIK.com\u2122\",\"isPartOf\":{\"@id\":\"https:\\\/\\\/www.lasik.com\\\/es\\\/#website\"},\"primaryImageOfPage\":{\"@id\":\"https:\\\/\\\/www.lasik.com\\\/es\\\/cubre-el-seguro-el-lasik\\\/cubre-el-seguro-aetna-la-cirugia-ocular-lasik\\\/#primaryimage\"},\"image\":{\"@id\":\"https:\\\/\\\/www.lasik.com\\\/es\\\/cubre-el-seguro-el-lasik\\\/cubre-el-seguro-aetna-la-cirugia-ocular-lasik\\\/#primaryimage\"},\"thumbnailUrl\":\"https:\\\/\\\/www.lasik.com\\\/wp-content\\\/uploads\\\/2024\\\/01\\\/GettyImages-685011185-1600x1067.jpg\",\"datePublished\":\"2023-12-14T18:38:06+00:00\",\"dateModified\":\"2024-10-22T23:26:53+00:00\",\"breadcrumb\":{\"@id\":\"https:\\\/\\\/www.lasik.com\\\/es\\\/cubre-el-seguro-el-lasik\\\/cubre-el-seguro-aetna-la-cirugia-ocular-lasik\\\/#breadcrumb\"},\"inLanguage\":\"es\",\"potentialAction\":[{\"@type\":\"ReadAction\",\"target\":[\"https:\\\/\\\/www.lasik.com\\\/es\\\/cubre-el-seguro-el-lasik\\\/cubre-el-seguro-aetna-la-cirugia-ocular-lasik\\\/\"]}]},{\"@type\":\"ImageObject\",\"inLanguage\":\"es\",\"@id\":\"https:\\\/\\\/www.lasik.com\\\/es\\\/cubre-el-seguro-el-lasik\\\/cubre-el-seguro-aetna-la-cirugia-ocular-lasik\\\/#primaryimage\",\"url\":\"https:\\\/\\\/www.lasik.com\\\/wp-content\\\/uploads\\\/2024\\\/01\\\/GettyImages-685011185-1600x1067.jpg\",\"contentUrl\":\"https:\\\/\\\/www.lasik.com\\\/wp-content\\\/uploads\\\/2024\\\/01\\\/GettyImages-685011185-1600x1067.jpg\"},{\"@type\":\"BreadcrumbList\",\"@id\":\"https:\\\/\\\/www.lasik.com\\\/es\\\/cubre-el-seguro-el-lasik\\\/cubre-el-seguro-aetna-la-cirugia-ocular-lasik\\\/#breadcrumb\",\"itemListElement\":[{\"@type\":\"ListItem\",\"position\":1,\"name\":\"Home\",\"item\":\"https:\\\/\\\/www.lasik.com\\\/es\\\/\"},{\"@type\":\"ListItem\",\"position\":2,\"name\":\"\u00bfCubre el seguro el LASIK?\",\"item\":\"https:\\\/\\\/www.lasik.com\\\/es\\\/cubre-el-seguro-el-lasik\\\/\"},{\"@type\":\"ListItem\",\"position\":3,\"name\":\"\u00bfCubre el seguro Aetna la cirug\u00eda ocular LASIK?\"}]},{\"@type\":\"WebSite\",\"@id\":\"https:\\\/\\\/www.lasik.com\\\/es\\\/#website\",\"url\":\"https:\\\/\\\/www.lasik.com\\\/es\\\/\",\"name\":\"LASIK\",\"description\":\"Todo LASIK. Todo en un lugar.\",\"publisher\":{\"@id\":\"https:\\\/\\\/www.lasik.com\\\/es\\\/#organization\"},\"alternateName\":\"LASIK.com Official Site\",\"potentialAction\":[{\"@type\":\"SearchAction\",\"target\":{\"@type\":\"EntryPoint\",\"urlTemplate\":\"https:\\\/\\\/www.lasik.com\\\/es\\\/?s={search_term_string}\"},\"query-input\":{\"@type\":\"PropertyValueSpecification\",\"valueRequired\":true,\"valueName\":\"search_term_string\"}}],\"inLanguage\":\"es\"},{\"@type\":\"Organization\",\"@id\":\"https:\\\/\\\/www.lasik.com\\\/es\\\/#organization\",\"name\":\"LASIK\",\"alternateName\":\"Laser-Assisted In Situ Keratomileusis\",\"url\":\"https:\\\/\\\/www.lasik.com\\\/es\\\/\",\"logo\":{\"@type\":\"ImageObject\",\"inLanguage\":\"es\",\"@id\":\"https:\\\/\\\/www.lasik.com\\\/es\\\/#\\\/schema\\\/logo\\\/image\\\/\",\"url\":\"https:\\\/\\\/www.lasik.com\\\/wp-content\\\/uploads\\\/2023\\\/06\\\/Artboard.png\",\"contentUrl\":\"https:\\\/\\\/www.lasik.com\\\/wp-content\\\/uploads\\\/2023\\\/06\\\/Artboard.png\",\"width\":500,\"height\":500,\"caption\":\"LASIK\"},\"image\":{\"@id\":\"https:\\\/\\\/www.lasik.com\\\/es\\\/#\\\/schema\\\/logo\\\/image\\\/\"},\"sameAs\":[\"https:\\\/\\\/www.instagram.com\\\/lasik_com\\\/\",\"https:\\\/\\\/x.com\\\/lasikdotcom\",\"https:\\\/\\\/www.tiktok.com\\\/@lasik.com?lang=en\"],\"description\":\"LASIK is the leading laser vision correction procedure and national organization dedicated to advancing and delivering laser vision correction. Bringing together some of the most experienced surgeons, advanced technology, and trusted practices in the industry. Rather than being just a medical procedure. LASIK.com is a full-service organization built to educate patients, set rigorous standards for care, and make modern LASIK accessible to people across the United States.\",\"legalName\":\"LASIK\",\"foundingDate\":\"1995-05-09\"}]}<\/script>\n<!-- \/ Yoast SEO Premium plugin. -->","yoast_head_json":{"title":"\u00bfCubre el seguro Aetna la cirug\u00eda ocular LASIK? | Sitio Oficial de LASIK.com\u2122","robots":{"index":"index","follow":"follow","max-snippet":"max-snippet:-1","max-image-preview":"max-image-preview:large","max-video-preview":"max-video-preview:-1"},"canonical":"https:\/\/www.lasik.com\/es\/cubre-el-seguro-el-lasik\/cubre-el-seguro-aetna-la-cirugia-ocular-lasik\/","og_locale":"es_ES","og_type":"article","og_title":"\u00bfCubre el seguro Aetna la cirug\u00eda ocular LASIK?","og_description":"Cobertura LASIK de Aetna \u00bfCubre el LASIK el seguro de Aetna? No, desgraciadamente, Aetna no cubre totalmente la cirug\u00eda ocular LASIK. Consulta con el administrador de tu plan Aetna, pero la mayor\u00eda de los planes ofrecidos no tienen cobertura LASIK de Aetna. Muchos proveedores de LASIK, como LASIK.com, trabajan con la mayor\u00eda de los planes&hellip; Sigue leyendo","og_url":"https:\/\/www.lasik.com\/es\/cubre-el-seguro-el-lasik\/cubre-el-seguro-aetna-la-cirugia-ocular-lasik\/","og_site_name":"Sitio Oficial de LASIK.com\u2122","article_publisher":"https:\/\/www.instagram.com\/lasik_com\/","article_modified_time":"2024-10-22T23:26:53+00:00","og_image":[{"width":2121,"height":1414,"url":"https:\/\/www.lasik.com\/wp-content\/uploads\/2024\/01\/GettyImages-685011185.jpg","type":"image\/jpeg"}],"twitter_card":"summary_large_image","twitter_site":"@lasikdotcom","schema":{"@context":"https:\/\/schema.org","@graph":[{"@type":"WebPage","@id":"https:\/\/www.lasik.com\/es\/cubre-el-seguro-el-lasik\/cubre-el-seguro-aetna-la-cirugia-ocular-lasik\/","url":"https:\/\/www.lasik.com\/es\/cubre-el-seguro-el-lasik\/cubre-el-seguro-aetna-la-cirugia-ocular-lasik\/","name":"\u00bfCubre el seguro Aetna la cirug\u00eda ocular LASIK? | Sitio Oficial de LASIK.com\u2122","isPartOf":{"@id":"https:\/\/www.lasik.com\/es\/#website"},"primaryImageOfPage":{"@id":"https:\/\/www.lasik.com\/es\/cubre-el-seguro-el-lasik\/cubre-el-seguro-aetna-la-cirugia-ocular-lasik\/#primaryimage"},"image":{"@id":"https:\/\/www.lasik.com\/es\/cubre-el-seguro-el-lasik\/cubre-el-seguro-aetna-la-cirugia-ocular-lasik\/#primaryimage"},"thumbnailUrl":"https:\/\/www.lasik.com\/wp-content\/uploads\/2024\/01\/GettyImages-685011185-1600x1067.jpg","datePublished":"2023-12-14T18:38:06+00:00","dateModified":"2024-10-22T23:26:53+00:00","breadcrumb":{"@id":"https:\/\/www.lasik.com\/es\/cubre-el-seguro-el-lasik\/cubre-el-seguro-aetna-la-cirugia-ocular-lasik\/#breadcrumb"},"inLanguage":"es","potentialAction":[{"@type":"ReadAction","target":["https:\/\/www.lasik.com\/es\/cubre-el-seguro-el-lasik\/cubre-el-seguro-aetna-la-cirugia-ocular-lasik\/"]}]},{"@type":"ImageObject","inLanguage":"es","@id":"https:\/\/www.lasik.com\/es\/cubre-el-seguro-el-lasik\/cubre-el-seguro-aetna-la-cirugia-ocular-lasik\/#primaryimage","url":"https:\/\/www.lasik.com\/wp-content\/uploads\/2024\/01\/GettyImages-685011185-1600x1067.jpg","contentUrl":"https:\/\/www.lasik.com\/wp-content\/uploads\/2024\/01\/GettyImages-685011185-1600x1067.jpg"},{"@type":"BreadcrumbList","@id":"https:\/\/www.lasik.com\/es\/cubre-el-seguro-el-lasik\/cubre-el-seguro-aetna-la-cirugia-ocular-lasik\/#breadcrumb","itemListElement":[{"@type":"ListItem","position":1,"name":"Home","item":"https:\/\/www.lasik.com\/es\/"},{"@type":"ListItem","position":2,"name":"\u00bfCubre el seguro el LASIK?","item":"https:\/\/www.lasik.com\/es\/cubre-el-seguro-el-lasik\/"},{"@type":"ListItem","position":3,"name":"\u00bfCubre el seguro Aetna la cirug\u00eda ocular LASIK?"}]},{"@type":"WebSite","@id":"https:\/\/www.lasik.com\/es\/#website","url":"https:\/\/www.lasik.com\/es\/","name":"LASIK","description":"Todo LASIK. Todo en un lugar.","publisher":{"@id":"https:\/\/www.lasik.com\/es\/#organization"},"alternateName":"LASIK.com Official Site","potentialAction":[{"@type":"SearchAction","target":{"@type":"EntryPoint","urlTemplate":"https:\/\/www.lasik.com\/es\/?s={search_term_string}"},"query-input":{"@type":"PropertyValueSpecification","valueRequired":true,"valueName":"search_term_string"}}],"inLanguage":"es"},{"@type":"Organization","@id":"https:\/\/www.lasik.com\/es\/#organization","name":"LASIK","alternateName":"Laser-Assisted In Situ Keratomileusis","url":"https:\/\/www.lasik.com\/es\/","logo":{"@type":"ImageObject","inLanguage":"es","@id":"https:\/\/www.lasik.com\/es\/#\/schema\/logo\/image\/","url":"https:\/\/www.lasik.com\/wp-content\/uploads\/2023\/06\/Artboard.png","contentUrl":"https:\/\/www.lasik.com\/wp-content\/uploads\/2023\/06\/Artboard.png","width":500,"height":500,"caption":"LASIK"},"image":{"@id":"https:\/\/www.lasik.com\/es\/#\/schema\/logo\/image\/"},"sameAs":["https:\/\/www.instagram.com\/lasik_com\/","https:\/\/x.com\/lasikdotcom","https:\/\/www.tiktok.com\/@lasik.com?lang=en"],"description":"LASIK is the leading laser vision correction procedure and national organization dedicated to advancing and delivering laser vision correction. Bringing together some of the most experienced surgeons, advanced technology, and trusted practices in the industry. Rather than being just a medical procedure. LASIK.com is a full-service organization built to educate patients, set rigorous standards for care, and make modern LASIK accessible to people across the United States.","legalName":"LASIK","foundingDate":"1995-05-09"}]}},"_links":{"self":[{"href":"https:\/\/www.lasik.com\/es\/wp-json\/wp\/v2\/pages\/10208","targetHints":{"allow":["GET"]}}],"collection":[{"href":"https:\/\/www.lasik.com\/es\/wp-json\/wp\/v2\/pages"}],"about":[{"href":"https:\/\/www.lasik.com\/es\/wp-json\/wp\/v2\/types\/page"}],"author":[{"embeddable":true,"href":"https:\/\/www.lasik.com\/es\/wp-json\/wp\/v2\/users\/1"}],"replies":[{"embeddable":true,"href":"https:\/\/www.lasik.com\/es\/wp-json\/wp\/v2\/comments?post=10208"}],"version-history":[{"count":5,"href":"https:\/\/www.lasik.com\/es\/wp-json\/wp\/v2\/pages\/10208\/revisions"}],"predecessor-version":[{"id":13595,"href":"https:\/\/www.lasik.com\/es\/wp-json\/wp\/v2\/pages\/10208\/revisions\/13595"}],"up":[{"embeddable":true,"href":"https:\/\/www.lasik.com\/es\/wp-json\/wp\/v2\/pages\/10227"}],"wp:attachment":[{"href":"https:\/\/www.lasik.com\/es\/wp-json\/wp\/v2\/media?parent=10208"}],"curies":[{"name":"wp","href":"https:\/\/api.w.org\/{rel}","templated":true}]}}