{"id":10120,"date":"2023-12-14T13:22:36","date_gmt":"2023-12-14T18:22:36","guid":{"rendered":"https:\/\/dev.lasik.com\/tipos-de-cirugia-ocular-lasik\/"},"modified":"2024-10-22T14:51:12","modified_gmt":"2024-10-22T18:51:12","slug":"tipos-de-cirugia-ocular-lasik","status":"publish","type":"page","link":"https:\/\/www.lasik.com\/es\/tipos-de-cirugia-ocular-lasik\/","title":{"rendered":"Tipos de cirug\u00eda ocular LASIK"},"content":{"rendered":"\n<div class=\"wp-block-media-text alignfull is-stacked-on-mobile is-image-fill is-style-30-gap is-style-default has-shade-background-color has-background\" style=\"padding-top:0;padding-bottom:0\"><figure class=\"wp-block-media-text__media\" style=\"background-image:url(https:\/\/www.lasik.com\/wp-content\/uploads\/2023\/12\/AdobeStock_242419962-scaled-1-1600x1067.jpg);background-position:50% 50%\"><img decoding=\"async\" width=\"1600\" height=\"1067\" src=\"https:\/\/www.lasik.com\/wp-content\/uploads\/2023\/12\/AdobeStock_242419962-scaled-1-1600x1067.jpg\" alt=\"\" class=\"wp-image-6210 size-full\" srcset=\"https:\/\/www.lasik.com\/wp-content\/uploads\/2023\/12\/AdobeStock_242419962-scaled-1-1600x1067.jpg 1600w, https:\/\/www.lasik.com\/wp-content\/uploads\/2023\/12\/AdobeStock_242419962-scaled-1-900x600.jpg 900w, https:\/\/www.lasik.com\/wp-content\/uploads\/2023\/12\/AdobeStock_242419962-scaled-1-1440x960.jpg 1440w, https:\/\/www.lasik.com\/wp-content\/uploads\/2023\/12\/AdobeStock_242419962-scaled-1-1536x1024.jpg 1536w, https:\/\/www.lasik.com\/wp-content\/uploads\/2023\/12\/AdobeStock_242419962-scaled-1-2048x1366.jpg 2048w, https:\/\/www.lasik.com\/wp-content\/uploads\/2023\/12\/AdobeStock_242419962-scaled-1-600x400.jpg 600w\" sizes=\"(max-width: 1600px) 100vw, 1600px\" \/><\/figure><div class=\"wp-block-media-text__content\">\n<div\n\taria-hidden=\"true\"\n\tclass=\"blocks block-responsive-spacer \"\n\t\tstyle=\"height: clamp(50px, calc(50px + 0vw * 100), 50px)\">\n<\/div>\n\n\n\n<h1 class=\"wp-block-heading\"><strong>Tipos de cirug\u00eda ocular LASIK<\/strong><\/h1>\n\n\n\n<p style=\"font-size:clamp(14px, 0.875rem + ((1vw - 3.2px) * 0.417), 18px);\">Existen distintos tipos y variaciones de procedimientos LASIK, cada uno dise\u00f1ado para tratar problemas de visi\u00f3n espec\u00edficos o para ofrecer un tratamiento personalizado. Estos son algunos tipos habituales de cirug\u00eda ocular LASIK:<\/p>\n\n\n\n<div\n\taria-hidden=\"true\"\n\tclass=\"blocks block-responsive-spacer \"\n\t\tstyle=\"height: clamp(50px, calc(50px + 0vw * 100), 50px)\">\n<\/div>\n<\/div><\/div>\n\n<div\n\taria-hidden=\"true\"\n\tclass=\"blocks block-responsive-spacer \"\n\t\tstyle=\"height: clamp(50px, calc(20px + 0.0625vw * 100), 100px)\">\n<\/div>\n\n<h2 class=\"wp-block-heading has-large-font-size\"><strong>LASIK moderno (Wavefront + Bladeless)<\/strong><\/h2>\n\n<p style=\"margin-top:10px\">Este es el procedimiento de cirug\u00eda ocular LASIK recomendado por LASIK.com que nuestros socios deben ofrecer como requisito. Este tipo de LASIK incluye el <strong>LASIK personalizado <\/strong>, que utiliza tecnolog\u00eda de frente de onda para crear un mapa personalizado de las imperfecciones propias del ojo, y el <strong>LASIK sin bistur\u00ed<\/strong>, que utiliza un l\u00e1ser de femtosegundo para crear el colgajo corneal en lugar de una cuchilla de microqueratomo. Esto puede reducir el riesgo de complicaciones del colgajo y ofrecer una mayor precisi\u00f3n.<\/p>\n\n<div class=\"wp-block-buttons is-layout-flex wp-block-buttons-is-layout-flex\">\n<div class=\"wp-block-button\"><a class=\"wp-block-button__link wp-element-button\" href=\"https:\/\/www.lasik.com\/es\/que-es-el-lasik-moderno\/\">\u00bfQu\u00e9 es el LASIK moderno?  <\/a><\/div>\n<\/div>\n\n<h2 class=\"wp-block-heading has-large-font-size\"><strong>LASIK tradicional (LASIK est\u00e1ndar)<\/strong><\/h2>\n\n<p style=\"margin-top:10px\">Este es el tipo m\u00e1s com\u00fan de cirug\u00eda LASIK. Consiste en la creaci\u00f3n de un colgajo corneal mediante un microqueratomo o un l\u00e1ser de femtosegundo. A continuaci\u00f3n, el cirujano utiliza un l\u00e1ser excimer para remodelar el tejido corneal subyacente bas\u00e1ndose en la prescripci\u00f3n del paciente.<\/p>\n\n<h2 class=\"wp-block-heading has-large-font-size\"><strong>LASIK personalizado (LASIK Wavefront)<\/strong><\/h2>\n\n<p style=\"margin-top:10px\">El LASIK personalizado utiliza tecnolog\u00eda de frente de onda para crear un mapa personalizado de las imperfecciones \u00fanicas del ojo. Este mapa se utiliza para guiar al l\u00e1ser excimer en la remodelaci\u00f3n de la c\u00f3rnea, proporcionando potencialmente una mejor correcci\u00f3n de la visi\u00f3n y reduciendo las aberraciones de alto orden.<\/p>\n\n<h2 class=\"wp-block-heading has-large-font-size\"><strong>LASIK sin bistur\u00ed (LASIK totalmente l\u00e1ser)<\/strong><\/h2>\n\n<p style=\"margin-top:10px\">El LASIK sin bistur\u00ed utiliza un l\u00e1ser de femtosegundo para crear el colgajo corneal en lugar de una cuchilla de microqueratomo. Esto puede reducir el riesgo de complicaciones del colgajo y ofrecer una mayor precisi\u00f3n.<\/p>\n\n<h2 class=\"wp-block-heading has-large-font-size\"><strong>PRK (queratectom\u00eda fotorrefractiva)<\/strong><\/h2>\n\n<p style=\"margin-top:10px\">Esta es tambi\u00e9n una recomendaci\u00f3n de LASIK.com para quienes no re\u00fanan los requisitos para someterse al LASIK moderno. La PRK es una t\u00e9cnica de ablaci\u00f3n superficial en la que se elimina por completo el epitelio corneal y, a continuaci\u00f3n, el l\u00e1ser excimer remodela el tejido corneal subyacente. La PRK se utiliza cuando no es aconsejable un colgajo corneal debido a c\u00f3rneas finas u otros factores.<\/p>\n\n<h2 class=\"wp-block-heading has-large-font-size\"><strong>LASEK (queratomileusis epitelial con l\u00e1ser)<\/strong><\/h2>\n\n<p style=\"margin-top:10px\">LASEK combina elementos de LASIK y PRK. La capa epitelial se conserva, pero se trata con alcohol para facilitar su elevaci\u00f3n y recolocaci\u00f3n tras el tratamiento con l\u00e1ser. Es adecuado para pacientes con c\u00f3rneas m\u00e1s finas u otras contraindicaciones para el LASIK.<\/p>\n\n<h2 class=\"wp-block-heading has-large-font-size\"><strong>Epi-LASIK<\/strong><\/h2>\n\n<p style=\"margin-top:10px\">Epi-LASIK es similar a LASEK pero utiliza un epiqueratomo, un instrumento especial, para separar la capa epitelial. Es una alternativa al LASIK para pacientes con determinadas caracter\u00edsticas corneales.<\/p>\n\n<h2 class=\"wp-block-heading has-large-font-size\"><strong>LASIK de monovisi\u00f3n<\/strong><\/h2>\n\n<p style=\"margin-top:10px\">El LASIK de monovisi\u00f3n est\u00e1 dise\u00f1ado para pacientes que desean corregir un ojo para ver de lejos y el otro para ver de cerca, reduciendo la necesidad de gafas de lectura o bifocales.<\/p>\n\n<h2 class=\"wp-block-heading has-large-font-size\"><strong>PresbyLASIK<\/strong><\/h2>\n\n<p style=\"margin-top:10px\">PresbyLASIK es un tipo de LASIK espec\u00edfico para corregir la presbicia, un trastorno de la visi\u00f3n relacionado con la edad que afecta a la visi\u00f3n de cerca. Suele implicar la creaci\u00f3n de una c\u00f3rnea multifocal.<\/p>\n\n<h2 class=\"wp-block-heading has-large-font-size\"><strong>LASIK guiado por topograf\u00eda<\/strong><\/h2>\n\n<p style=\"margin-top:10px\">Este procedimiento utiliza la topograf\u00eda corneal para guiar el tratamiento con l\u00e1ser. Es especialmente beneficioso para pacientes con astigmatismo irregular o irregularidades corneales.<\/p>\n\n<h2 class=\"wp-block-heading has-large-font-size\"><strong>SMILE (extracci\u00f3n de lent\u00edculas con incisi\u00f3n peque\u00f1a)<\/strong><\/h2>\n\n<p style=\"margin-top:10px\">SMILE es una cirug\u00eda refractiva m\u00ednimamente invasiva que utiliza tecnolog\u00eda l\u00e1ser de femtosegundo para crear un lent\u00edculo dentro de la c\u00f3rnea, que luego se extrae a trav\u00e9s de una peque\u00f1a incisi\u00f3n. Se utiliza principalmente para la miop\u00eda.<\/p>\n","protected":false},"excerpt":{"rendered":"<p>LASIK moderno (Wavefront + Bladeless) Este es el procedimiento de cirug\u00eda ocular LASIK recomendado por LASIK.com que nuestros socios deben ofrecer como requisito. Este tipo de LASIK incluye el LASIK personalizado , que utiliza tecnolog\u00eda de frente de onda para crear un mapa personalizado de las imperfecciones propias del ojo, y el LASIK sin bistur\u00ed,&hellip; <a class=\"more-link\" href=\"https:\/\/www.lasik.com\/es\/tipos-de-cirugia-ocular-lasik\/\">Sigue leyendo<\/a><\/p>\n","protected":false},"author":1,"featured_media":0,"parent":0,"menu_order":0,"comment_status":"closed","ping_status":"closed","template":"","meta":{"_acf_changed":false,"footnotes":""},"class_list":["post-10120","page","type-page","status-publish","hentry"],"acf":[],"yoast_head":"<!-- This site is optimized with the Yoast SEO Premium plugin v27.1 (Yoast SEO v27.4) - https:\/\/yoast.com\/product\/yoast-seo-premium-wordpress\/ -->\n<title>Tipos de cirug\u00eda ocular LASIK | Sitio Oficial de LASIK.com\u2122<\/title>\n<meta name=\"robots\" content=\"index, follow, max-snippet:-1, max-image-preview:large, max-video-preview:-1\" \/>\n<link rel=\"canonical\" href=\"https:\/\/www.lasik.com\/es\/tipos-de-cirugia-ocular-lasik\/\" \/>\n<meta property=\"og:locale\" content=\"es_ES\" \/>\n<meta property=\"og:type\" content=\"article\" \/>\n<meta property=\"og:title\" content=\"Tipos de cirug\u00eda ocular LASIK\" \/>\n<meta property=\"og:description\" content=\"LASIK moderno (Wavefront + Bladeless) Este es el procedimiento de cirug\u00eda ocular LASIK recomendado por LASIK.com que nuestros socios deben ofrecer como requisito. Este tipo de LASIK incluye el LASIK personalizado , que utiliza tecnolog\u00eda de frente de onda para crear un mapa personalizado de las imperfecciones propias del ojo, y el LASIK sin bistur\u00ed,&hellip; Sigue leyendo\" \/>\n<meta property=\"og:url\" content=\"https:\/\/www.lasik.com\/es\/tipos-de-cirugia-ocular-lasik\/\" \/>\n<meta property=\"og:site_name\" content=\"Sitio Oficial de LASIK.com\u2122\" \/>\n<meta property=\"article:publisher\" content=\"https:\/\/www.instagram.com\/lasik_com\/\" \/>\n<meta property=\"article:modified_time\" content=\"2024-10-22T18:51:12+00:00\" \/>\n<meta property=\"og:image\" content=\"https:\/\/www.lasik.com\/wp-content\/uploads\/2023\/12\/AdobeStock_242419962-scaled-1-1600x1067.jpg\" \/>\n<meta name=\"twitter:card\" content=\"summary_large_image\" \/>\n<meta name=\"twitter:site\" content=\"@lasikdotcom\" \/>\n<script type=\"application\/ld+json\" class=\"yoast-schema-graph\">{\"@context\":\"https:\\\/\\\/schema.org\",\"@graph\":[{\"@type\":\"WebPage\",\"@id\":\"https:\\\/\\\/www.lasik.com\\\/es\\\/tipos-de-cirugia-ocular-lasik\\\/\",\"url\":\"https:\\\/\\\/www.lasik.com\\\/es\\\/tipos-de-cirugia-ocular-lasik\\\/\",\"name\":\"Tipos de cirug\u00eda ocular LASIK | Sitio Oficial de LASIK.com\u2122\",\"isPartOf\":{\"@id\":\"https:\\\/\\\/www.lasik.com\\\/es\\\/#website\"},\"primaryImageOfPage\":{\"@id\":\"https:\\\/\\\/www.lasik.com\\\/es\\\/tipos-de-cirugia-ocular-lasik\\\/#primaryimage\"},\"image\":{\"@id\":\"https:\\\/\\\/www.lasik.com\\\/es\\\/tipos-de-cirugia-ocular-lasik\\\/#primaryimage\"},\"thumbnailUrl\":\"https:\\\/\\\/www.lasik.com\\\/wp-content\\\/uploads\\\/2023\\\/12\\\/AdobeStock_242419962-scaled-1-1600x1067.jpg\",\"datePublished\":\"2023-12-14T18:22:36+00:00\",\"dateModified\":\"2024-10-22T18:51:12+00:00\",\"breadcrumb\":{\"@id\":\"https:\\\/\\\/www.lasik.com\\\/es\\\/tipos-de-cirugia-ocular-lasik\\\/#breadcrumb\"},\"inLanguage\":\"es\",\"potentialAction\":[{\"@type\":\"ReadAction\",\"target\":[\"https:\\\/\\\/www.lasik.com\\\/es\\\/tipos-de-cirugia-ocular-lasik\\\/\"]}]},{\"@type\":\"ImageObject\",\"inLanguage\":\"es\",\"@id\":\"https:\\\/\\\/www.lasik.com\\\/es\\\/tipos-de-cirugia-ocular-lasik\\\/#primaryimage\",\"url\":\"https:\\\/\\\/www.lasik.com\\\/wp-content\\\/uploads\\\/2023\\\/12\\\/AdobeStock_242419962-scaled-1-1600x1067.jpg\",\"contentUrl\":\"https:\\\/\\\/www.lasik.com\\\/wp-content\\\/uploads\\\/2023\\\/12\\\/AdobeStock_242419962-scaled-1-1600x1067.jpg\"},{\"@type\":\"BreadcrumbList\",\"@id\":\"https:\\\/\\\/www.lasik.com\\\/es\\\/tipos-de-cirugia-ocular-lasik\\\/#breadcrumb\",\"itemListElement\":[{\"@type\":\"ListItem\",\"position\":1,\"name\":\"Home\",\"item\":\"https:\\\/\\\/www.lasik.com\\\/es\\\/\"},{\"@type\":\"ListItem\",\"position\":2,\"name\":\"Tipos de cirug\u00eda ocular LASIK\"}]},{\"@type\":\"WebSite\",\"@id\":\"https:\\\/\\\/www.lasik.com\\\/es\\\/#website\",\"url\":\"https:\\\/\\\/www.lasik.com\\\/es\\\/\",\"name\":\"LASIK\",\"description\":\"Todo LASIK. Todo en un lugar.\",\"publisher\":{\"@id\":\"https:\\\/\\\/www.lasik.com\\\/es\\\/#organization\"},\"alternateName\":\"LASIK.com Official Site\",\"potentialAction\":[{\"@type\":\"SearchAction\",\"target\":{\"@type\":\"EntryPoint\",\"urlTemplate\":\"https:\\\/\\\/www.lasik.com\\\/es\\\/?s={search_term_string}\"},\"query-input\":{\"@type\":\"PropertyValueSpecification\",\"valueRequired\":true,\"valueName\":\"search_term_string\"}}],\"inLanguage\":\"es\"},{\"@type\":\"Organization\",\"@id\":\"https:\\\/\\\/www.lasik.com\\\/es\\\/#organization\",\"name\":\"LASIK\",\"alternateName\":\"Laser-Assisted In Situ Keratomileusis\",\"url\":\"https:\\\/\\\/www.lasik.com\\\/es\\\/\",\"logo\":{\"@type\":\"ImageObject\",\"inLanguage\":\"es\",\"@id\":\"https:\\\/\\\/www.lasik.com\\\/es\\\/#\\\/schema\\\/logo\\\/image\\\/\",\"url\":\"https:\\\/\\\/www.lasik.com\\\/wp-content\\\/uploads\\\/2023\\\/06\\\/Artboard.png\",\"contentUrl\":\"https:\\\/\\\/www.lasik.com\\\/wp-content\\\/uploads\\\/2023\\\/06\\\/Artboard.png\",\"width\":500,\"height\":500,\"caption\":\"LASIK\"},\"image\":{\"@id\":\"https:\\\/\\\/www.lasik.com\\\/es\\\/#\\\/schema\\\/logo\\\/image\\\/\"},\"sameAs\":[\"https:\\\/\\\/www.instagram.com\\\/lasik_com\\\/\",\"https:\\\/\\\/x.com\\\/lasikdotcom\",\"https:\\\/\\\/www.tiktok.com\\\/@lasik.com?lang=en\"],\"description\":\"LASIK is the leading laser vision correction procedure and national organization dedicated to advancing and delivering laser vision correction. Bringing together some of the most experienced surgeons, advanced technology, and trusted practices in the industry. Rather than being just a medical procedure. LASIK.com is a full-service organization built to educate patients, set rigorous standards for care, and make modern LASIK accessible to people across the United States.\",\"legalName\":\"LASIK\",\"foundingDate\":\"1995-05-09\"}]}<\/script>\n<!-- \/ Yoast SEO Premium plugin. -->","yoast_head_json":{"title":"Tipos de cirug\u00eda ocular LASIK | Sitio Oficial de LASIK.com\u2122","robots":{"index":"index","follow":"follow","max-snippet":"max-snippet:-1","max-image-preview":"max-image-preview:large","max-video-preview":"max-video-preview:-1"},"canonical":"https:\/\/www.lasik.com\/es\/tipos-de-cirugia-ocular-lasik\/","og_locale":"es_ES","og_type":"article","og_title":"Tipos de cirug\u00eda ocular LASIK","og_description":"LASIK moderno (Wavefront + Bladeless) Este es el procedimiento de cirug\u00eda ocular LASIK recomendado por LASIK.com que nuestros socios deben ofrecer como requisito. Este tipo de LASIK incluye el LASIK personalizado , que utiliza tecnolog\u00eda de frente de onda para crear un mapa personalizado de las imperfecciones propias del ojo, y el LASIK sin bistur\u00ed,&hellip; Sigue leyendo","og_url":"https:\/\/www.lasik.com\/es\/tipos-de-cirugia-ocular-lasik\/","og_site_name":"Sitio Oficial de LASIK.com\u2122","article_publisher":"https:\/\/www.instagram.com\/lasik_com\/","article_modified_time":"2024-10-22T18:51:12+00:00","og_image":[{"url":"https:\/\/www.lasik.com\/wp-content\/uploads\/2023\/12\/AdobeStock_242419962-scaled-1-1600x1067.jpg","type":"","width":"","height":""}],"twitter_card":"summary_large_image","twitter_site":"@lasikdotcom","schema":{"@context":"https:\/\/schema.org","@graph":[{"@type":"WebPage","@id":"https:\/\/www.lasik.com\/es\/tipos-de-cirugia-ocular-lasik\/","url":"https:\/\/www.lasik.com\/es\/tipos-de-cirugia-ocular-lasik\/","name":"Tipos de cirug\u00eda ocular LASIK | Sitio Oficial de LASIK.com\u2122","isPartOf":{"@id":"https:\/\/www.lasik.com\/es\/#website"},"primaryImageOfPage":{"@id":"https:\/\/www.lasik.com\/es\/tipos-de-cirugia-ocular-lasik\/#primaryimage"},"image":{"@id":"https:\/\/www.lasik.com\/es\/tipos-de-cirugia-ocular-lasik\/#primaryimage"},"thumbnailUrl":"https:\/\/www.lasik.com\/wp-content\/uploads\/2023\/12\/AdobeStock_242419962-scaled-1-1600x1067.jpg","datePublished":"2023-12-14T18:22:36+00:00","dateModified":"2024-10-22T18:51:12+00:00","breadcrumb":{"@id":"https:\/\/www.lasik.com\/es\/tipos-de-cirugia-ocular-lasik\/#breadcrumb"},"inLanguage":"es","potentialAction":[{"@type":"ReadAction","target":["https:\/\/www.lasik.com\/es\/tipos-de-cirugia-ocular-lasik\/"]}]},{"@type":"ImageObject","inLanguage":"es","@id":"https:\/\/www.lasik.com\/es\/tipos-de-cirugia-ocular-lasik\/#primaryimage","url":"https:\/\/www.lasik.com\/wp-content\/uploads\/2023\/12\/AdobeStock_242419962-scaled-1-1600x1067.jpg","contentUrl":"https:\/\/www.lasik.com\/wp-content\/uploads\/2023\/12\/AdobeStock_242419962-scaled-1-1600x1067.jpg"},{"@type":"BreadcrumbList","@id":"https:\/\/www.lasik.com\/es\/tipos-de-cirugia-ocular-lasik\/#breadcrumb","itemListElement":[{"@type":"ListItem","position":1,"name":"Home","item":"https:\/\/www.lasik.com\/es\/"},{"@type":"ListItem","position":2,"name":"Tipos de cirug\u00eda ocular LASIK"}]},{"@type":"WebSite","@id":"https:\/\/www.lasik.com\/es\/#website","url":"https:\/\/www.lasik.com\/es\/","name":"LASIK","description":"Todo LASIK. Todo en un lugar.","publisher":{"@id":"https:\/\/www.lasik.com\/es\/#organization"},"alternateName":"LASIK.com Official Site","potentialAction":[{"@type":"SearchAction","target":{"@type":"EntryPoint","urlTemplate":"https:\/\/www.lasik.com\/es\/?s={search_term_string}"},"query-input":{"@type":"PropertyValueSpecification","valueRequired":true,"valueName":"search_term_string"}}],"inLanguage":"es"},{"@type":"Organization","@id":"https:\/\/www.lasik.com\/es\/#organization","name":"LASIK","alternateName":"Laser-Assisted In Situ Keratomileusis","url":"https:\/\/www.lasik.com\/es\/","logo":{"@type":"ImageObject","inLanguage":"es","@id":"https:\/\/www.lasik.com\/es\/#\/schema\/logo\/image\/","url":"https:\/\/www.lasik.com\/wp-content\/uploads\/2023\/06\/Artboard.png","contentUrl":"https:\/\/www.lasik.com\/wp-content\/uploads\/2023\/06\/Artboard.png","width":500,"height":500,"caption":"LASIK"},"image":{"@id":"https:\/\/www.lasik.com\/es\/#\/schema\/logo\/image\/"},"sameAs":["https:\/\/www.instagram.com\/lasik_com\/","https:\/\/x.com\/lasikdotcom","https:\/\/www.tiktok.com\/@lasik.com?lang=en"],"description":"LASIK is the leading laser vision correction procedure and national organization dedicated to advancing and delivering laser vision correction. Bringing together some of the most experienced surgeons, advanced technology, and trusted practices in the industry. Rather than being just a medical procedure. LASIK.com is a full-service organization built to educate patients, set rigorous standards for care, and make modern LASIK accessible to people across the United States.","legalName":"LASIK","foundingDate":"1995-05-09"}]}},"_links":{"self":[{"href":"https:\/\/www.lasik.com\/es\/wp-json\/wp\/v2\/pages\/10120","targetHints":{"allow":["GET"]}}],"collection":[{"href":"https:\/\/www.lasik.com\/es\/wp-json\/wp\/v2\/pages"}],"about":[{"href":"https:\/\/www.lasik.com\/es\/wp-json\/wp\/v2\/types\/page"}],"author":[{"embeddable":true,"href":"https:\/\/www.lasik.com\/es\/wp-json\/wp\/v2\/users\/1"}],"replies":[{"embeddable":true,"href":"https:\/\/www.lasik.com\/es\/wp-json\/wp\/v2\/comments?post=10120"}],"version-history":[{"count":5,"href":"https:\/\/www.lasik.com\/es\/wp-json\/wp\/v2\/pages\/10120\/revisions"}],"predecessor-version":[{"id":13352,"href":"https:\/\/www.lasik.com\/es\/wp-json\/wp\/v2\/pages\/10120\/revisions\/13352"}],"wp:attachment":[{"href":"https:\/\/www.lasik.com\/es\/wp-json\/wp\/v2\/media?parent=10120"}],"curies":[{"name":"wp","href":"https:\/\/api.w.org\/{rel}","templated":true}]}}