{"id":10117,"date":"2023-05-22T17:23:54","date_gmt":"2023-05-22T21:23:54","guid":{"rendered":"https:\/\/dev.lasik.com\/acerca-de-lasik-com\/"},"modified":"2024-10-22T17:38:41","modified_gmt":"2024-10-22T21:38:41","slug":"acerca-de-lasik-com","status":"publish","type":"page","link":"https:\/\/www.lasik.com\/es\/acerca-de-lasik-com\/","title":{"rendered":"Acerca de LASIK.com"},"content":{"rendered":"\n<div class=\"wp-block-group alignfull page-hero-columns has-shade-background-color has-background has-global-padding is-layout-constrained wp-container-core-group-is-layout-ca138dcd wp-block-group-is-layout-constrained\" style=\"padding-top:0;padding-right:0;padding-bottom:0;padding-left:0\">\n<div class=\"wp-block-columns is-layout-flex wp-container-core-columns-is-layout-47c06fe3 wp-block-columns-is-layout-flex\">\n<div class=\"wp-block-column is-vertically-aligned-center is-layout-flow wp-block-column-is-layout-flow\">\n<div\n\taria-hidden=\"true\"\n\tclass=\"blocks block-responsive-spacer \"\n\t\tstyle=\"height: clamp(50px, calc(50px + 0vw * 100), 50px)\">\n<\/div>\n\n\n\n<h1 class=\"wp-block-heading has-text-align-left is-style-muted-heading has-primary-color has-text-color\"><strong>Acerca de LASIK.com<\/strong><\/h1>\n\n\n\n<h2 class=\"wp-block-heading has-text-align-left\" style=\"font-size:clamp(25.984px, 1.624rem + ((1vw - 3.2px) * 1.877), 44px);line-height:1.2\"><strong>L\u00edder nacional en cirug\u00eda ocular LASIK<\/strong><\/h2>\n\n\n\n<div\n\taria-hidden=\"true\"\n\tclass=\"blocks block-responsive-spacer \"\n\t\tstyle=\"height: clamp(50px, calc(50px + 0vw * 100), 50px)\">\n<\/div>\n<\/div>\n\n\n\n<div class=\"wp-block-column is-vertically-aligned-bottom is-layout-flow wp-block-column-is-layout-flow\">\n<figure class=\"wp-block-image aligncenter size-full\"><img decoding=\"async\" width=\"1280\" height=\"1145\" src=\"https:\/\/www.lasik.com\/wp-content\/uploads\/2023\/12\/iStock-1139415611-cropped-1.png\" alt=\"\" class=\"wp-image-6033\" srcset=\"https:\/\/www.lasik.com\/wp-content\/uploads\/2023\/12\/iStock-1139415611-cropped-1.png 1280w, https:\/\/www.lasik.com\/wp-content\/uploads\/2023\/12\/iStock-1139415611-cropped-1-900x805.png 900w, https:\/\/www.lasik.com\/wp-content\/uploads\/2023\/12\/iStock-1139415611-cropped-1-600x537.png 600w\" sizes=\"(max-width: 1280px) 100vw, 1280px\" \/><\/figure>\n<\/div>\n<\/div>\n<\/div>\n\n<div class=\"wp-block-group alignfull has-global-padding is-layout-constrained wp-container-core-group-is-layout-63b34679 wp-block-group-is-layout-constrained\" style=\"padding-top:0;padding-right:0;padding-bottom:0;padding-left:0\">\n<div\n\taria-hidden=\"true\"\n\tclass=\"blocks block-responsive-spacer \"\n\t\tstyle=\"height: clamp(50px, calc(20px + 0.0625vw * 100), 100px)\">\n<\/div>\n\n\n\n<h2 class=\"wp-block-heading has-text-align-left is-style-muted-heading has-primary-color has-text-color\"><strong>\u00bfQu\u00e9 es LASIK.com?<\/strong><\/h2>\n\n\n\n<h2 class=\"wp-block-heading has-text-align-left\"><strong>La fuente respetada sobre cirug\u00eda ocular LASIK para m\u00e9dicos y pacientes.<\/strong><\/h2>\n\n\n\n<p class=\"has-text-align-left\">LASIK.com es un recurso completo para obtener informaci\u00f3n fiable sobre LASIK y la correcci\u00f3n visual. Nuestro objetivo es ayudar a los pacientes a conseguir una visi\u00f3n m\u00e1s n\u00edtida y una mejor calidad de vida. Estamos orgullosos de nuestra red de m\u00e9dicos especialistas en LASIK y centros oftalmol\u00f3gicos certificados, que le facilitan la b\u00fasqueda de proveedores de confianza cerca de usted.<\/p>\n\n\n\n<p>Con m\u00e1s de 5,5 millones de procedimientos LASIK hasta la fecha, somos l\u00edderes nacionales en LASIK moderno con el objetivo de ayudar a los consumidores a encontrar un centro de cirug\u00eda ocular LASIK de confianza cerca de ellos.<\/p>\n\n\n\n<p class=\"has-text-align-left\">LASIK.com es una fuente de confianza conocida por su compromiso con la experiencia. Recopilamos informaci\u00f3n de instituciones m\u00e9dicas bien establecidas y colaboramos con m\u00e9dicos colegiados y centros oftalmol\u00f3gicos de prestigio. Nuestra misi\u00f3n es transparente: ofrecer la informaci\u00f3n m\u00e1s actualizada sobre correcci\u00f3n visual, compartir testimonios aut\u00e9nticos de pacientes y educar a la comunidad mundial sobre la cirug\u00eda ocular LASIK contempor\u00e1nea.<\/p>\n\n\n\n<div\n\taria-hidden=\"true\"\n\tclass=\"blocks block-responsive-spacer \"\n\t\tstyle=\"height: clamp(50px, calc(20px + 0.0625vw * 100), 100px)\">\n<\/div>\n\n\n\n<div class=\"wp-block-media-text alignwide is-stacked-on-mobile is-image-fill is-style-30-gap has-shade-background-color has-background\"><figure class=\"wp-block-media-text__media\" style=\"background-image:url(https:\/\/www.lasik.com\/wp-content\/uploads\/2023\/09\/Center-Image-17.png);background-position:50% 50%\"><img decoding=\"async\" width=\"1164\" height=\"657\" src=\"https:\/\/www.lasik.com\/wp-content\/uploads\/2023\/09\/Center-Image-17.png\" alt=\"\" class=\"wp-image-4764 size-full\" srcset=\"https:\/\/www.lasik.com\/wp-content\/uploads\/2023\/09\/Center-Image-17.png 1164w, https:\/\/www.lasik.com\/wp-content\/uploads\/2023\/09\/Center-Image-17-900x508.png 900w, https:\/\/www.lasik.com\/wp-content\/uploads\/2023\/09\/Center-Image-17-600x339.png 600w\" sizes=\"(max-width: 1164px) 100vw, 1164px\" \/><\/figure><div class=\"wp-block-media-text__content\">\n<h2 class=\"wp-block-heading is-style-muted-heading has-primary-color has-text-color\"><strong>\u00bfPor qu\u00e9 confiar en LASIK.com?<\/strong><\/h2>\n\n\n\n<p class=\"has-black-color has-text-color has-primary-font-family\" style=\"font-size:clamp(14.642px, 0.915rem + ((1vw - 3.2px) * 0.766), 22px);line-height:1.6\"><strong>LASIK.com es un recurso de confianza que da prioridad a la experiencia, obtiene informaci\u00f3n de instituciones m\u00e9dicas acreditadas y cuenta con una red de m\u00e9dicos certificados y centros oftalmol\u00f3gicos de prestigio.<\/strong><\/p>\n\n\n\n<p style=\"font-size:clamp(14px, 0.875rem + ((1vw - 3.2px) * 0.417), 18px);\">LASIK.com es transparente en su misi\u00f3n de proporcionar la informaci\u00f3n m\u00e1s reciente sobre la correcci\u00f3n de la visi\u00f3n, ofrecer testimonios reales de pacientes y educar al mundo sobre la moderna cirug\u00eda ocular LASIK.<\/p>\n<\/div><\/div>\n\n\n\n<div\n\taria-hidden=\"true\"\n\tclass=\"blocks block-responsive-spacer \"\n\t\tstyle=\"height: clamp(50px, calc(20px + 0.0625vw * 100), 100px)\">\n<\/div>\n\n\n\n<h2 class=\"wp-block-heading is-style-muted-heading has-primary-color has-text-color\"><strong>Nuestro compromiso con usted<\/strong><\/h2>\n\n\n\n<h2 class=\"wp-block-heading\"><strong>Entendemos que la visi\u00f3n es un don precioso.<\/strong><\/h2>\n\n\n\n<p>En LASIK.com, nos comprometemos a garantizar que tenga acceso a la mejor informaci\u00f3n y recursos para tomar decisiones informadas sobre su salud ocular.<\/p>\n\n\n\n<p>  Tanto si est\u00e1 pensando en someterse a una intervenci\u00f3n LASIK, como si est\u00e1 investigando opciones alternativas de correcci\u00f3n visual o simplemente busca consejo para mantener y mejorar su salud ocular, LASIK.com est\u00e1 aqu\u00ed para ayudarle en cada paso del camino.<\/p>\n\n\n\n<h3 class=\"wp-block-heading is-style-default\"><strong>Explorar LASIK.com<\/strong><\/h3>\n\n\n\n<p>Explore LASIK.com para descubrir una gran cantidad de informaci\u00f3n sobre la cirug\u00eda ocular LASIK, incluido c\u00f3mo funciona el procedimiento, qu\u00e9 esperar durante la recuperaci\u00f3n y respuestas a las preguntas m\u00e1s frecuentes.<\/p>\n\n\n\n<p>Nuestros art\u00edculos y recursos informativos est\u00e1n dise\u00f1ados para desmitificar el proceso LASIK y proporcionarle los conocimientos que necesita para sentirse seguro en su viaje hacia la correcci\u00f3n de la visi\u00f3n.<\/p>\n\n\n\n<div\n\taria-hidden=\"true\"\n\tclass=\"blocks block-responsive-spacer \"\n\t\tstyle=\"height: clamp(50px, calc(20px + 0.0625vw * 100), 100px)\">\n<\/div>\n<\/div>\n\n<div class=\"wp-block-group alignfull has-shade-background-color has-background has-global-padding is-layout-constrained wp-container-core-group-is-layout-4dab959d wp-block-group-is-layout-constrained\" style=\"padding-top:0;padding-bottom:0\">\n<div\n\taria-hidden=\"true\"\n\tclass=\"blocks block-responsive-spacer \"\n\t\tstyle=\"height: clamp(50px, calc(20px + 0.0625vw * 100), 100px)\">\n<\/div>\n\n\n\n<div class=\"wp-block-columns alignwide is-layout-flex wp-container-core-columns-is-layout-b987c810 wp-block-columns-is-layout-flex\">\n<div class=\"wp-block-column is-style-sticky is-layout-flow wp-block-column-is-layout-flow\" style=\"flex-basis:52%\">\n<p class=\"is-style-muted-heading has-primary-color has-text-color\"><strong>\u00bfQui\u00e9n forma parte de nuestra red?<\/strong><\/p>\n\n\n\n<h2 class=\"wp-block-heading has-text-color\" style=\"color:#121212\">En LASIK.com tenemos una lista de comprobaci\u00f3n de 5 factores con la que evaluamos nuestra red para que usted no tenga que hacerlo para tener una experiencia LASIK de 5 estrellas.<\/h2>\n\n\n\n<p class=\"has-text-color has-medium-font-size\" style=\"color:#444444\">Nuestra red confiable de LASIK se compromete a garantizar que usted pueda encontrar f\u00e1cilmente algunos de los mejores cirujanos oculares con l\u00e1ser de los Estados Unidos. S\u00f3lo permitimos oftalm\u00f3logos certificados por el consejo, altamente formados y con experiencia en LASIK y otras cirug\u00edas refractivas. Auditamos cuidadosamente a nuestros cirujanos para asegurarnos de que cumplen nuestras estrictas normas de seguridad del paciente, tecnolog\u00eda y calidad general de la asistencia.  <\/p>\n<\/div>\n\n\n\n<div class=\"wp-block-column is-layout-flow wp-block-column-is-layout-flow\" style=\"flex-basis:66.66%\">\n<ul class=\"fb\">\n    <li class=\"fb__item\">\n    <img decoding=\"async\" width=\"1\" height=\"1\" src=\"https:\/\/www.lasik.com\/wp-content\/uploads\/2023\/06\/Icon.svg\" class=\"fb__icon\" alt=\"\" \/>    <div class=\"fb__content\">\n      <h2 class=\"fb__heading\">Experiencia Superior<\/h2>\n      <p class=\"fb__description\">Nuestra red de cirujanos est\u00e1 formada por organizaciones certificadas, altamente capacitadas y centradas en LASIK.<\/p>\n    <\/div>\n  <\/li>\n    <li class=\"fb__item\">\n    <img decoding=\"async\" width=\"1\" height=\"1\" src=\"https:\/\/www.lasik.com\/wp-content\/uploads\/2023\/06\/Icon-1.svg\" class=\"fb__icon\" alt=\"\" \/>    <div class=\"fb__content\">\n      <h2 class=\"fb__heading\">Avance Tecnol\u00f3gico<\/h2>\n      <p class=\"fb__description\">Nuestra red de cirujanos utiliza equipos avanzados de cirug\u00eda ocular con l\u00e1ser aprobados por la FDA y de confianza, centr\u00e1ndose en la seguridad.<\/p>\n    <\/div>\n  <\/li>\n    <li class=\"fb__item\">\n    <img decoding=\"async\" width=\"1\" height=\"1\" src=\"https:\/\/www.lasik.com\/wp-content\/uploads\/2023\/06\/Icon-2.svg\" class=\"fb__icon\" alt=\"\" \/>    <div class=\"fb__content\">\n      <h2 class=\"fb__heading\">Enfoque de Personalizaci\u00f3n<\/h2>\n      <p class=\"fb__description\">Nuestra red de cirujanos debe tener un compromiso con la cirug\u00eda ocular LASIK individualizada y personalizada. No, enfoques \u00abde talla \u00fanica\u00bb.<\/p>\n    <\/div>\n  <\/li>\n    <li class=\"fb__item\">\n    <img decoding=\"async\" width=\"1\" height=\"1\" src=\"https:\/\/www.lasik.com\/wp-content\/uploads\/2023\/06\/Icon-3.svg\" class=\"fb__icon\" alt=\"\" \/>    <div class=\"fb__content\">\n      <h2 class=\"fb__heading\">Compromiso de Por Vida<\/h2>\n      <p class=\"fb__description\">Nuestra red de cirujanos debe garantizar un plan de por vida que se comprometa con su viaje personalizado hacia la visi\u00f3n LASIK.<\/p>\n    <\/div>\n  <\/li>\n    <li class=\"fb__item\">\n    <img decoding=\"async\" width=\"1\" height=\"1\" src=\"https:\/\/www.lasik.com\/wp-content\/uploads\/2023\/06\/Icon-4.svg\" class=\"fb__icon\" alt=\"\" \/>    <div class=\"fb__content\">\n      <h2 class=\"fb__heading\">Confianza Comunitaria<\/h2>\n      <p class=\"fb__description\">Nuestra red de cirujanos debe ser un miembro de confianza de la comunidad, con opiniones y experiencias muy por encima de lo que se espera de un proveedor m\u00e9dico.<\/p>\n    <\/div>\n  <\/li>\n  <\/ul><\/div>\n<\/div>\n\n\n\n<div\n\taria-hidden=\"true\"\n\tclass=\"blocks block-responsive-spacer \"\n\t\tstyle=\"height: clamp(50px, calc(20px + 0.0625vw * 100), 100px)\">\n<\/div>\n\n\n\n<p class=\"has-text-align-center\"><strong>Si tiene preguntas para nuestros socios sobre precios, experiencia o seguridad, le animamos a que se ponga en contacto con ellos para obtener m\u00e1s informaci\u00f3n.<\/strong>  Estamos orgullosos de nuestros rigurosos est\u00e1ndares y s\u00f3lo recomendamos pacientes a m\u00e9dicos de confianza.<\/p>\n\n\n\n<p class=\"has-text-align-center\">\u00bfDesea convertirse en socio de LASIK.com?  <a href=\"https:\/\/www.lasik.com\/es\/solicitar-aqui\/\">Presenta tu candidatura.<\/a><\/p>\n\n\n\n<div\n\taria-hidden=\"true\"\n\tclass=\"blocks block-responsive-spacer \"\n\t\tstyle=\"height: clamp(50px, calc(20px + 0.0625vw * 100), 100px)\">\n<\/div>\n<\/div>\n","protected":false},"excerpt":{"rendered":"<p>Acerca de LASIK.com L\u00edder nacional en cirug\u00eda ocular LASIK \u00bfQu\u00e9 es LASIK.com? La fuente respetada sobre cirug\u00eda ocular LASIK para m\u00e9dicos y pacientes. LASIK.com es un recurso completo para obtener informaci\u00f3n fiable sobre LASIK y la correcci\u00f3n visual. Nuestro objetivo es ayudar a los pacientes a conseguir una visi\u00f3n m\u00e1s n\u00edtida y una mejor calidad&hellip; <a class=\"more-link\" href=\"https:\/\/www.lasik.com\/es\/acerca-de-lasik-com\/\">Sigue leyendo<\/a><\/p>\n","protected":false},"author":1,"featured_media":9645,"parent":0,"menu_order":0,"comment_status":"closed","ping_status":"closed","template":"","meta":{"_acf_changed":false,"footnotes":""},"class_list":["post-10117","page","type-page","status-publish","has-post-thumbnail","hentry"],"acf":[],"yoast_head":"<!-- This site is optimized with the Yoast SEO Premium plugin v27.1 (Yoast SEO v27.4) - https:\/\/yoast.com\/product\/yoast-seo-premium-wordpress\/ -->\n<title>\u00bfQu\u00e9 es LASIK.com? | Sitio Oficial de LASIK.com\u2122<\/title>\n<meta name=\"description\" content=\"Obtenga m\u00e1s informaci\u00f3n sobre qu\u00e9 es LASIK.com y qui\u00e9n forma parte de la red de confianza LASIK.com de cirujanos oculares certificados en LASIK.\" \/>\n<meta name=\"robots\" content=\"index, follow, max-snippet:-1, max-image-preview:large, max-video-preview:-1\" \/>\n<link rel=\"canonical\" href=\"https:\/\/www.lasik.com\/es\/acerca-de-lasik-com\/\" \/>\n<meta property=\"og:locale\" content=\"es_ES\" \/>\n<meta property=\"og:type\" content=\"article\" \/>\n<meta property=\"og:title\" content=\"Acerca de LASIK.com\" \/>\n<meta property=\"og:description\" content=\"Obtenga m\u00e1s informaci\u00f3n sobre qu\u00e9 es LASIK.com y qui\u00e9n forma parte de la red de confianza LASIK.com de cirujanos oculares certificados en LASIK.\" \/>\n<meta property=\"og:url\" content=\"https:\/\/www.lasik.com\/es\/acerca-de-lasik-com\/\" \/>\n<meta property=\"og:site_name\" content=\"Sitio Oficial de LASIK.com\u2122\" \/>\n<meta property=\"article:publisher\" content=\"https:\/\/www.instagram.com\/lasik_com\/\" \/>\n<meta property=\"article:modified_time\" content=\"2024-10-22T21:38:41+00:00\" \/>\n<meta property=\"og:image\" content=\"https:\/\/www.lasik.com\/wp-content\/uploads\/2023\/09\/Center-Image-17.png\" \/>\n\t<meta property=\"og:image:width\" content=\"1164\" \/>\n\t<meta property=\"og:image:height\" content=\"657\" \/>\n\t<meta property=\"og:image:type\" content=\"image\/png\" \/>\n<meta name=\"twitter:card\" content=\"summary_large_image\" \/>\n<meta name=\"twitter:site\" content=\"@lasikdotcom\" \/>\n<script type=\"application\/ld+json\" class=\"yoast-schema-graph\">{\"@context\":\"https:\\\/\\\/schema.org\",\"@graph\":[{\"@type\":\"WebPage\",\"@id\":\"https:\\\/\\\/www.lasik.com\\\/es\\\/acerca-de-lasik-com\\\/\",\"url\":\"https:\\\/\\\/www.lasik.com\\\/es\\\/acerca-de-lasik-com\\\/\",\"name\":\"\u00bfQu\u00e9 es LASIK.com? | Sitio Oficial de LASIK.com\u2122\",\"isPartOf\":{\"@id\":\"https:\\\/\\\/www.lasik.com\\\/es\\\/#website\"},\"primaryImageOfPage\":{\"@id\":\"https:\\\/\\\/www.lasik.com\\\/es\\\/acerca-de-lasik-com\\\/#primaryimage\"},\"image\":{\"@id\":\"https:\\\/\\\/www.lasik.com\\\/es\\\/acerca-de-lasik-com\\\/#primaryimage\"},\"thumbnailUrl\":\"https:\\\/\\\/www.lasik.com\\\/wp-content\\\/uploads\\\/2023\\\/09\\\/Center-Image-17.png\",\"datePublished\":\"2023-05-22T21:23:54+00:00\",\"dateModified\":\"2024-10-22T21:38:41+00:00\",\"description\":\"Obtenga m\u00e1s informaci\u00f3n sobre qu\u00e9 es LASIK.com y qui\u00e9n forma parte de la red de confianza LASIK.com de cirujanos oculares certificados en LASIK.\",\"breadcrumb\":{\"@id\":\"https:\\\/\\\/www.lasik.com\\\/es\\\/acerca-de-lasik-com\\\/#breadcrumb\"},\"inLanguage\":\"es\",\"potentialAction\":[{\"@type\":\"ReadAction\",\"target\":[\"https:\\\/\\\/www.lasik.com\\\/es\\\/acerca-de-lasik-com\\\/\"]}]},{\"@type\":\"ImageObject\",\"inLanguage\":\"es\",\"@id\":\"https:\\\/\\\/www.lasik.com\\\/es\\\/acerca-de-lasik-com\\\/#primaryimage\",\"url\":\"https:\\\/\\\/www.lasik.com\\\/wp-content\\\/uploads\\\/2023\\\/09\\\/Center-Image-17.png\",\"contentUrl\":\"https:\\\/\\\/www.lasik.com\\\/wp-content\\\/uploads\\\/2023\\\/09\\\/Center-Image-17.png\",\"width\":1164,\"height\":657},{\"@type\":\"BreadcrumbList\",\"@id\":\"https:\\\/\\\/www.lasik.com\\\/es\\\/acerca-de-lasik-com\\\/#breadcrumb\",\"itemListElement\":[{\"@type\":\"ListItem\",\"position\":1,\"name\":\"Home\",\"item\":\"https:\\\/\\\/www.lasik.com\\\/es\\\/\"},{\"@type\":\"ListItem\",\"position\":2,\"name\":\"Acerca de LASIK.com\"}]},{\"@type\":\"WebSite\",\"@id\":\"https:\\\/\\\/www.lasik.com\\\/es\\\/#website\",\"url\":\"https:\\\/\\\/www.lasik.com\\\/es\\\/\",\"name\":\"LASIK\",\"description\":\"Todo LASIK. Todo en un lugar.\",\"publisher\":{\"@id\":\"https:\\\/\\\/www.lasik.com\\\/es\\\/#organization\"},\"alternateName\":\"LASIK.com Official Site\",\"potentialAction\":[{\"@type\":\"SearchAction\",\"target\":{\"@type\":\"EntryPoint\",\"urlTemplate\":\"https:\\\/\\\/www.lasik.com\\\/es\\\/?s={search_term_string}\"},\"query-input\":{\"@type\":\"PropertyValueSpecification\",\"valueRequired\":true,\"valueName\":\"search_term_string\"}}],\"inLanguage\":\"es\"},{\"@type\":\"Organization\",\"@id\":\"https:\\\/\\\/www.lasik.com\\\/es\\\/#organization\",\"name\":\"LASIK\",\"alternateName\":\"Laser-Assisted In Situ Keratomileusis\",\"url\":\"https:\\\/\\\/www.lasik.com\\\/es\\\/\",\"logo\":{\"@type\":\"ImageObject\",\"inLanguage\":\"es\",\"@id\":\"https:\\\/\\\/www.lasik.com\\\/es\\\/#\\\/schema\\\/logo\\\/image\\\/\",\"url\":\"https:\\\/\\\/www.lasik.com\\\/wp-content\\\/uploads\\\/2023\\\/06\\\/Artboard.png\",\"contentUrl\":\"https:\\\/\\\/www.lasik.com\\\/wp-content\\\/uploads\\\/2023\\\/06\\\/Artboard.png\",\"width\":500,\"height\":500,\"caption\":\"LASIK\"},\"image\":{\"@id\":\"https:\\\/\\\/www.lasik.com\\\/es\\\/#\\\/schema\\\/logo\\\/image\\\/\"},\"sameAs\":[\"https:\\\/\\\/www.instagram.com\\\/lasik_com\\\/\",\"https:\\\/\\\/x.com\\\/lasikdotcom\",\"https:\\\/\\\/www.tiktok.com\\\/@lasik.com?lang=en\"],\"description\":\"LASIK is the leading laser vision correction procedure and national organization dedicated to advancing and delivering laser vision correction. Bringing together some of the most experienced surgeons, advanced technology, and trusted practices in the industry. Rather than being just a medical procedure. LASIK.com is a full-service organization built to educate patients, set rigorous standards for care, and make modern LASIK accessible to people across the United States.\",\"legalName\":\"LASIK\",\"foundingDate\":\"1995-05-09\"}]}<\/script>\n<!-- \/ Yoast SEO Premium plugin. -->","yoast_head_json":{"title":"\u00bfQu\u00e9 es LASIK.com? | Sitio Oficial de LASIK.com\u2122","description":"Obtenga m\u00e1s informaci\u00f3n sobre qu\u00e9 es LASIK.com y qui\u00e9n forma parte de la red de confianza LASIK.com de cirujanos oculares certificados en LASIK.","robots":{"index":"index","follow":"follow","max-snippet":"max-snippet:-1","max-image-preview":"max-image-preview:large","max-video-preview":"max-video-preview:-1"},"canonical":"https:\/\/www.lasik.com\/es\/acerca-de-lasik-com\/","og_locale":"es_ES","og_type":"article","og_title":"Acerca de LASIK.com","og_description":"Obtenga m\u00e1s informaci\u00f3n sobre qu\u00e9 es LASIK.com y qui\u00e9n forma parte de la red de confianza LASIK.com de cirujanos oculares certificados en LASIK.","og_url":"https:\/\/www.lasik.com\/es\/acerca-de-lasik-com\/","og_site_name":"Sitio Oficial de LASIK.com\u2122","article_publisher":"https:\/\/www.instagram.com\/lasik_com\/","article_modified_time":"2024-10-22T21:38:41+00:00","og_image":[{"width":1164,"height":657,"url":"https:\/\/www.lasik.com\/wp-content\/uploads\/2023\/09\/Center-Image-17.png","type":"image\/png"}],"twitter_card":"summary_large_image","twitter_site":"@lasikdotcom","schema":{"@context":"https:\/\/schema.org","@graph":[{"@type":"WebPage","@id":"https:\/\/www.lasik.com\/es\/acerca-de-lasik-com\/","url":"https:\/\/www.lasik.com\/es\/acerca-de-lasik-com\/","name":"\u00bfQu\u00e9 es LASIK.com? | Sitio Oficial de LASIK.com\u2122","isPartOf":{"@id":"https:\/\/www.lasik.com\/es\/#website"},"primaryImageOfPage":{"@id":"https:\/\/www.lasik.com\/es\/acerca-de-lasik-com\/#primaryimage"},"image":{"@id":"https:\/\/www.lasik.com\/es\/acerca-de-lasik-com\/#primaryimage"},"thumbnailUrl":"https:\/\/www.lasik.com\/wp-content\/uploads\/2023\/09\/Center-Image-17.png","datePublished":"2023-05-22T21:23:54+00:00","dateModified":"2024-10-22T21:38:41+00:00","description":"Obtenga m\u00e1s informaci\u00f3n sobre qu\u00e9 es LASIK.com y qui\u00e9n forma parte de la red de confianza LASIK.com de cirujanos oculares certificados en LASIK.","breadcrumb":{"@id":"https:\/\/www.lasik.com\/es\/acerca-de-lasik-com\/#breadcrumb"},"inLanguage":"es","potentialAction":[{"@type":"ReadAction","target":["https:\/\/www.lasik.com\/es\/acerca-de-lasik-com\/"]}]},{"@type":"ImageObject","inLanguage":"es","@id":"https:\/\/www.lasik.com\/es\/acerca-de-lasik-com\/#primaryimage","url":"https:\/\/www.lasik.com\/wp-content\/uploads\/2023\/09\/Center-Image-17.png","contentUrl":"https:\/\/www.lasik.com\/wp-content\/uploads\/2023\/09\/Center-Image-17.png","width":1164,"height":657},{"@type":"BreadcrumbList","@id":"https:\/\/www.lasik.com\/es\/acerca-de-lasik-com\/#breadcrumb","itemListElement":[{"@type":"ListItem","position":1,"name":"Home","item":"https:\/\/www.lasik.com\/es\/"},{"@type":"ListItem","position":2,"name":"Acerca de LASIK.com"}]},{"@type":"WebSite","@id":"https:\/\/www.lasik.com\/es\/#website","url":"https:\/\/www.lasik.com\/es\/","name":"LASIK","description":"Todo LASIK. Todo en un lugar.","publisher":{"@id":"https:\/\/www.lasik.com\/es\/#organization"},"alternateName":"LASIK.com Official Site","potentialAction":[{"@type":"SearchAction","target":{"@type":"EntryPoint","urlTemplate":"https:\/\/www.lasik.com\/es\/?s={search_term_string}"},"query-input":{"@type":"PropertyValueSpecification","valueRequired":true,"valueName":"search_term_string"}}],"inLanguage":"es"},{"@type":"Organization","@id":"https:\/\/www.lasik.com\/es\/#organization","name":"LASIK","alternateName":"Laser-Assisted In Situ Keratomileusis","url":"https:\/\/www.lasik.com\/es\/","logo":{"@type":"ImageObject","inLanguage":"es","@id":"https:\/\/www.lasik.com\/es\/#\/schema\/logo\/image\/","url":"https:\/\/www.lasik.com\/wp-content\/uploads\/2023\/06\/Artboard.png","contentUrl":"https:\/\/www.lasik.com\/wp-content\/uploads\/2023\/06\/Artboard.png","width":500,"height":500,"caption":"LASIK"},"image":{"@id":"https:\/\/www.lasik.com\/es\/#\/schema\/logo\/image\/"},"sameAs":["https:\/\/www.instagram.com\/lasik_com\/","https:\/\/x.com\/lasikdotcom","https:\/\/www.tiktok.com\/@lasik.com?lang=en"],"description":"LASIK is the leading laser vision correction procedure and national organization dedicated to advancing and delivering laser vision correction. Bringing together some of the most experienced surgeons, advanced technology, and trusted practices in the industry. Rather than being just a medical procedure. LASIK.com is a full-service organization built to educate patients, set rigorous standards for care, and make modern LASIK accessible to people across the United States.","legalName":"LASIK","foundingDate":"1995-05-09"}]}},"_links":{"self":[{"href":"https:\/\/www.lasik.com\/es\/wp-json\/wp\/v2\/pages\/10117","targetHints":{"allow":["GET"]}}],"collection":[{"href":"https:\/\/www.lasik.com\/es\/wp-json\/wp\/v2\/pages"}],"about":[{"href":"https:\/\/www.lasik.com\/es\/wp-json\/wp\/v2\/types\/page"}],"author":[{"embeddable":true,"href":"https:\/\/www.lasik.com\/es\/wp-json\/wp\/v2\/users\/1"}],"replies":[{"embeddable":true,"href":"https:\/\/www.lasik.com\/es\/wp-json\/wp\/v2\/comments?post=10117"}],"version-history":[{"count":4,"href":"https:\/\/www.lasik.com\/es\/wp-json\/wp\/v2\/pages\/10117\/revisions"}],"predecessor-version":[{"id":13558,"href":"https:\/\/www.lasik.com\/es\/wp-json\/wp\/v2\/pages\/10117\/revisions\/13558"}],"wp:featuredmedia":[{"embeddable":true,"href":"https:\/\/www.lasik.com\/es\/wp-json\/wp\/v2\/media\/9645"}],"wp:attachment":[{"href":"https:\/\/www.lasik.com\/es\/wp-json\/wp\/v2\/media?parent=10117"}],"curies":[{"name":"wp","href":"https:\/\/api.w.org\/{rel}","templated":true}]}}