{"id":10114,"date":"2023-05-22T17:24:14","date_gmt":"2023-05-22T21:24:14","guid":{"rendered":"https:\/\/dev.lasik.com\/que-es-el-lasik\/"},"modified":"2024-10-22T17:23:39","modified_gmt":"2024-10-22T21:23:39","slug":"que-es-lasik","status":"publish","type":"page","link":"https:\/\/www.lasik.com\/es\/que-es-lasik\/","title":{"rendered":"\u00bfQu\u00e9 es el LASIK?"},"content":{"rendered":"\n<div class=\"wp-block-media-text alignfull is-stacked-on-mobile is-image-fill is-style-30-gap has-shade-background-color has-background\"><figure class=\"wp-block-media-text__media\" style=\"background-image:url(https:\/\/www.lasik.com\/wp-content\/uploads\/2023\/12\/LASIK-What-to-Expect-1600x1067.jpg);background-position:50% 50%\"><img decoding=\"async\" width=\"1600\" height=\"1067\" src=\"https:\/\/www.lasik.com\/wp-content\/uploads\/2023\/12\/LASIK-What-to-Expect-1600x1067.jpg\" alt=\"\" class=\"wp-image-6063 size-full\" srcset=\"https:\/\/www.lasik.com\/wp-content\/uploads\/2023\/12\/LASIK-What-to-Expect-1600x1067.jpg 1600w, https:\/\/www.lasik.com\/wp-content\/uploads\/2023\/12\/LASIK-What-to-Expect-900x600.jpg 900w, https:\/\/www.lasik.com\/wp-content\/uploads\/2023\/12\/LASIK-What-to-Expect-1440x960.jpg 1440w, https:\/\/www.lasik.com\/wp-content\/uploads\/2023\/12\/LASIK-What-to-Expect-1536x1024.jpg 1536w, https:\/\/www.lasik.com\/wp-content\/uploads\/2023\/12\/LASIK-What-to-Expect-2048x1366.jpg 2048w, https:\/\/www.lasik.com\/wp-content\/uploads\/2023\/12\/LASIK-What-to-Expect-600x400.jpg 600w\" sizes=\"(max-width: 1600px) 100vw, 1600px\" \/><\/figure><div class=\"wp-block-media-text__content\">\n<div\n\taria-hidden=\"true\"\n\tclass=\"blocks block-responsive-spacer \"\n\t\tstyle=\"height: clamp(50px, calc(50px + 0vw * 100), 50px)\">\n<\/div>\n\n\n\n<h1 class=\"wp-block-heading has-text-align-left is-style-muted-heading has-primary-color has-text-color has-link-color wp-elements-2b8f671a33677efc69fce00a95443743\"><strong>\u00bfQu\u00e9 es el LASIK?<\/strong><\/h1>\n\n\n\n<h2 class=\"wp-block-heading\"><strong>LASIK: <em>queratomileusis in situ asistida por l\u00e1ser<\/em><\/strong><\/h2>\n\n\n\n<p style=\"font-size:clamp(14px, 0.875rem + ((1vw - 3.2px) * 0.417), 18px);\">La cirug\u00eda ocular LASIK (cirug\u00eda ocular con l\u00e1ser) es uno de los procedimientos electivos m\u00e1s populares del mundo, que suele corregir problemas refractivos de la visi\u00f3n, en particular la miop\u00eda, la hipermetrop\u00eda y el astigmatismo.<\/p>\n\n\n\n<div class=\"wp-block-buttons is-layout-flex wp-block-buttons-is-layout-flex\">\n<div class=\"wp-block-button\"><a class=\"wp-block-button__link wp-element-button\" href=\"#free-consultation\">PROGRAMAR CONSULTA GRATUITA<\/a><\/div>\n<\/div>\n\n\n\n<div\n\taria-hidden=\"true\"\n\tclass=\"blocks block-responsive-spacer \"\n\t\tstyle=\"height: clamp(50px, calc(50px + 0vw * 100), 50px)\">\n<\/div>\n<\/div><\/div>\n\n<div\n\taria-hidden=\"true\"\n\tclass=\"blocks block-responsive-spacer \"\n\t\tstyle=\"height: clamp(50px, calc(20px + 0.0625vw * 100), 100px)\">\n<\/div>\n\n<div class=\"wp-block-group alignwide has-global-padding is-layout-constrained wp-container-core-group-is-layout-a10c8a87 wp-block-group-is-layout-constrained\" style=\"padding-right:0;padding-left:0\">\n<h2 class=\"wp-block-heading has-text-align-center is-style-muted-heading has-primary-color has-text-color\"><strong>\u00bfQu\u00e9 es la cirug\u00eda ocular LASIK?<\/strong><\/h2>\n\n\n\n<p class=\"has-text-align-center has-black-color has-text-color\" style=\"font-size:clamp(18.959px, 1.185rem + ((1vw - 3.2px) * 1.15), 30px);line-height:1.6\">La cirug\u00eda ocular LASIK es un m\u00e9todo revolucionario que ha transformado la vida de innumerables personas al reducir o incluso eliminar su dependencia de las gafas o las lentes de contacto.<\/p>\n\n\n\n<div\n\taria-hidden=\"true\"\n\tclass=\"blocks block-responsive-spacer \"\n\t\tstyle=\"height: clamp(50px, calc(20px + 0.0625vw * 100), 100px)\">\n<\/div>\n\n\n\n<figure class=\"wp-block-image alignwide size-full is-style-default\"><img decoding=\"async\" width=\"1165\" height=\"655\" src=\"https:\/\/www.lasik.com\/wp-content\/uploads\/2023\/09\/Center-Image-13.png\" alt=\"\" class=\"wp-image-4857\" srcset=\"https:\/\/www.lasik.com\/wp-content\/uploads\/2023\/09\/Center-Image-13.png 1165w, https:\/\/www.lasik.com\/wp-content\/uploads\/2023\/09\/Center-Image-13-900x506.png 900w, https:\/\/www.lasik.com\/wp-content\/uploads\/2023\/09\/Center-Image-13-600x337.png 600w\" sizes=\"(max-width: 1165px) 100vw, 1165px\" \/><\/figure>\n\n\n\n<div\n\taria-hidden=\"true\"\n\tclass=\"blocks block-responsive-spacer \"\n\t\tstyle=\"height: clamp(50px, calc(20px + 0.0625vw * 100), 100px)\">\n<\/div>\n\n\n\n<p>El LASIK consiste en utilizar un l\u00e1ser excimer para remodelar la c\u00f3rnea con precisi\u00f3n. Antes de la intervenci\u00f3n, se insensibiliza el ojo con colirios anest\u00e9sicos para garantizar la comodidad del paciente. A continuaci\u00f3n, se crea un fino colgajo en la capa externa de la c\u00f3rnea, que puede realizarse con una cuchilla de microqueratomo o, en el LASIK sin cuchilla, con un l\u00e1ser de femtosegundo. LASIK.com es estrictamente una red LASIK moderna, lo que significa que s\u00f3lo nos referimos a m\u00e9dicos que ofrecen cirug\u00eda ocular LASIK personalizada y sin bistur\u00ed.  <\/p>\n\n\n\n<p>Una vez creado el colgajo, el cirujano utiliza el l\u00e1ser excimer para eliminar una cantidad predeterminada de tejido corneal. Este proceso de remodelaci\u00f3n se personaliza en funci\u00f3n del defecto refractivo espec\u00edfico del paciente. En el caso de la miop\u00eda, la c\u00f3rnea se aplana, mientras que en el de la hipermetrop\u00eda se inclina. El astigmatismo se corrige suavizando las irregularidades de la c\u00f3rnea.<\/p>\n\n\n\n<p>Las t\u00e9cnicas LASIK avanzadas incluyen el LASIK guiado por frente de onda y el guiado por topograf\u00eda, que crean un plan de tratamiento personalizado basado en las imperfecciones \u00fanicas del ojo de cada paciente. Este nivel de personalizaci\u00f3n aumenta las posibilidades de lograr excelentes resultados visuales.<\/p>\n\n\n\n<p>Una vez remodelada la c\u00f3rnea, el colgajo se recoloca cuidadosamente. Se adhiere de forma natural sin necesidad de puntos. El colgajo sirve de capa protectora que minimiza las molestias y acelera el proceso de cicatrizaci\u00f3n.<\/p>\n\n\n\n<p>Una de las principales ventajas del LASIK es su r\u00e1pido tiempo de recuperaci\u00f3n. La mayor\u00eda de los pacientes experimentan una mejora de la visi\u00f3n pocas horas despu\u00e9s de la intervenci\u00f3n, y los resultados \u00f3ptimos suelen alcanzarse a los pocos d\u00edas. Esta rapidez es una de las razones por las que el LASIK es tan popular.<\/p>\n\n\n\n<p>El LASIK no es adecuado para todo el mundo. Los candidatos deben cumplir ciertos criterios, como una visi\u00f3n estable durante un periodo m\u00ednimo y una buena salud ocular general. Programe una consulta para hablar con un m\u00e9dico y averiguar si es un candidato seguro.<\/p>\n\n\n\n<h3 class=\"wp-block-heading\">Ver las reacciones de los pacientes inmediatamente despu\u00e9s de sus intervenciones LASIK con un cirujano de la red LASIK.com<\/h3>\n\n\n\n<figure class=\"wp-block-embed is-type-video is-provider-vimeo wp-block-embed-vimeo wp-embed-aspect-16-9 wp-has-aspect-ratio\"><div class=\"wp-block-embed__wrapper\">\n<iframe loading=\"lazy\" title=\"National_General_Patient Reaction Compilation_Captions_Horizontal\" src=\"https:\/\/player.vimeo.com\/video\/991239126?dnt=1&amp;app_id=122963\" width=\"500\" height=\"281\" frameborder=\"0\" allow=\"autoplay; fullscreen; picture-in-picture; clipboard-write\"><\/iframe>\n<\/div><\/figure>\n\n\n\n<div class=\"wp-block-buttons is-layout-flex wp-block-buttons-is-layout-flex\">\n<div class=\"wp-block-button\"><a class=\"wp-block-button__link wp-element-button\" href=\"#free-consultation\">PROGRAMAR CONSULTA GRATUITA<\/a><\/div>\n<\/div>\n<\/div>\n\n<div\n\taria-hidden=\"true\"\n\tclass=\"blocks block-responsive-spacer \"\n\t\tstyle=\"height: clamp(50px, calc(20px + 0.0625vw * 100), 100px)\">\n<\/div>\n\n<div class=\"wp-block-group alignfull page-hero-columns has-shade-background-color has-background has-global-padding is-layout-constrained wp-container-core-group-is-layout-f980ea10 wp-block-group-is-layout-constrained\" style=\"padding-top:0;padding-right:0;padding-bottom:0;padding-left:0\">\n<div class=\"wp-block-columns is-layout-flex wp-container-core-columns-is-layout-28f84493 wp-block-columns-is-layout-flex\">\n<div class=\"wp-block-column is-vertically-aligned-center is-layout-flow wp-block-column-is-layout-flow\">\n<div\n\taria-hidden=\"true\"\n\tclass=\"blocks block-responsive-spacer \"\n\t\tstyle=\"height: clamp(50px, calc(20px + 0.0625vw * 100), 100px)\">\n<\/div>\n\n\n\n<h2 class=\"wp-block-heading has-text-align-left is-style-muted-heading has-primary-color has-text-color\"><strong>Transforme su visi\u00f3n<\/strong><\/h2>\n\n\n\n<h3 class=\"wp-block-heading has-text-align-left\" style=\"font-size:clamp(18.959px, 1.185rem + ((1vw - 3.2px) * 1.15), 30px);line-height:1.3\"><strong>Explore la revoluci\u00f3n de la cirug\u00eda ocular LASIK para vivir sin gafas<\/strong><\/h3>\n\n\n\n<p>La cirug\u00eda ocular LASIK ha revolucionado el campo de la correcci\u00f3n visual al ofrecer una forma r\u00e1pida, eficaz y relativamente indolora de reducir o eliminar la necesidad de gafas o lentes de contacto.<\/p>\n\n\n\n<p>El LASIK tiene un alto \u00edndice de \u00e9xito y ofrece una mejora de la visi\u00f3n que puede cambiar la vida de muchas personas, permiti\u00e9ndoles disfrutar de una mayor libertad y claridad en su vida cotidiana. Es esencial consultar con un cirujano ocular experimentado para determinar si el LASIK es una opci\u00f3n adecuada para sus necesidades visuales espec\u00edficas.<\/p>\n\n\n\n<div class=\"wp-block-buttons is-layout-flex wp-block-buttons-is-layout-flex\">\n<div class=\"wp-block-button\"><a class=\"wp-block-button__link wp-element-button\" href=\"#free-consultation\">PROGRAMAR CONSULTA GRATUITA<\/a><\/div>\n<\/div>\n\n\n\n<div\n\taria-hidden=\"true\"\n\tclass=\"blocks block-responsive-spacer \"\n\t\tstyle=\"height: clamp(50px, calc(20px + 0.0625vw * 100), 100px)\">\n<\/div>\n<\/div>\n\n\n\n<div class=\"wp-block-column is-vertically-aligned-bottom is-layout-flow wp-block-column-is-layout-flow\" style=\"flex-basis:40%\">\n<figure class=\"wp-block-image aligncenter size-full\"><img decoding=\"async\" width=\"835\" height=\"1060\" src=\"https:\/\/www.lasik.com\/wp-content\/uploads\/2023\/12\/1049768458-1.png\" alt=\"\" class=\"wp-image-6060\" srcset=\"https:\/\/www.lasik.com\/wp-content\/uploads\/2023\/12\/1049768458-1.png 835w, https:\/\/www.lasik.com\/wp-content\/uploads\/2023\/12\/1049768458-1-709x900.png 709w, https:\/\/www.lasik.com\/wp-content\/uploads\/2023\/12\/1049768458-1-600x762.png 600w\" sizes=\"(max-width: 835px) 100vw, 835px\" \/><\/figure>\n<\/div>\n<\/div>\n<\/div>\n","protected":false},"excerpt":{"rendered":"<p>\u00bfQu\u00e9 es la cirug\u00eda ocular LASIK? La cirug\u00eda ocular LASIK es un m\u00e9todo revolucionario que ha transformado la vida de innumerables personas al reducir o incluso eliminar su dependencia de las gafas o las lentes de contacto. El LASIK consiste en utilizar un l\u00e1ser excimer para remodelar la c\u00f3rnea con precisi\u00f3n. Antes de la intervenci\u00f3n,&hellip; <a class=\"more-link\" href=\"https:\/\/www.lasik.com\/es\/que-es-lasik\/\">Sigue leyendo<\/a><\/p>\n","protected":false},"author":1,"featured_media":0,"parent":0,"menu_order":0,"comment_status":"closed","ping_status":"closed","template":"","meta":{"_acf_changed":false,"footnotes":""},"class_list":["post-10114","page","type-page","status-publish","hentry"],"acf":[],"yoast_head":"<!-- This site is optimized with the Yoast SEO Premium plugin v27.1 (Yoast SEO v27.5) - https:\/\/yoast.com\/product\/yoast-seo-premium-wordpress\/ -->\n<title>\u00bfQu\u00e9 es el LASIK? | Sitio Oficial de LASIK.com\u2122<\/title>\n<meta name=\"description\" content=\"La cirug\u00eda ocular LASIK es uno de los procedimientos electivos m\u00e1s populares del mundo que suele corregir problemas de visi\u00f3n refractiva.\" \/>\n<meta name=\"robots\" content=\"index, follow, max-snippet:-1, max-image-preview:large, max-video-preview:-1\" \/>\n<link rel=\"canonical\" href=\"https:\/\/www.lasik.com\/es\/que-es-lasik\/\" \/>\n<meta property=\"og:locale\" content=\"es_ES\" \/>\n<meta property=\"og:type\" content=\"article\" \/>\n<meta property=\"og:title\" content=\"\u00bfQu\u00e9 es el LASIK?\" \/>\n<meta property=\"og:description\" content=\"La cirug\u00eda ocular LASIK es uno de los procedimientos electivos m\u00e1s populares del mundo que suele corregir problemas de visi\u00f3n refractiva.\" \/>\n<meta property=\"og:url\" content=\"https:\/\/www.lasik.com\/es\/que-es-lasik\/\" \/>\n<meta property=\"og:site_name\" content=\"Sitio Oficial de LASIK.com\u2122\" \/>\n<meta property=\"article:publisher\" content=\"https:\/\/www.instagram.com\/lasik_com\/\" \/>\n<meta property=\"article:modified_time\" content=\"2024-10-22T21:23:39+00:00\" \/>\n<meta property=\"og:image\" content=\"https:\/\/www.lasik.com\/wp-content\/uploads\/2023\/12\/LASIK-What-to-Expect-1600x1067.jpg\" \/>\n<meta name=\"twitter:card\" content=\"summary_large_image\" \/>\n<meta name=\"twitter:site\" content=\"@lasikdotcom\" \/>\n<script type=\"application\/ld+json\" class=\"yoast-schema-graph\">{\"@context\":\"https:\\\/\\\/schema.org\",\"@graph\":[{\"@type\":\"WebPage\",\"@id\":\"https:\\\/\\\/www.lasik.com\\\/es\\\/que-es-lasik\\\/\",\"url\":\"https:\\\/\\\/www.lasik.com\\\/es\\\/que-es-lasik\\\/\",\"name\":\"\u00bfQu\u00e9 es el LASIK? | Sitio Oficial de LASIK.com\u2122\",\"isPartOf\":{\"@id\":\"https:\\\/\\\/www.lasik.com\\\/es\\\/#website\"},\"primaryImageOfPage\":{\"@id\":\"https:\\\/\\\/www.lasik.com\\\/es\\\/que-es-lasik\\\/#primaryimage\"},\"image\":{\"@id\":\"https:\\\/\\\/www.lasik.com\\\/es\\\/que-es-lasik\\\/#primaryimage\"},\"thumbnailUrl\":\"https:\\\/\\\/www.lasik.com\\\/wp-content\\\/uploads\\\/2023\\\/12\\\/LASIK-What-to-Expect-1600x1067.jpg\",\"datePublished\":\"2023-05-22T21:24:14+00:00\",\"dateModified\":\"2024-10-22T21:23:39+00:00\",\"description\":\"La cirug\u00eda ocular LASIK es uno de los procedimientos electivos m\u00e1s populares del mundo que suele corregir problemas de visi\u00f3n refractiva.\",\"breadcrumb\":{\"@id\":\"https:\\\/\\\/www.lasik.com\\\/es\\\/que-es-lasik\\\/#breadcrumb\"},\"inLanguage\":\"es\",\"potentialAction\":[{\"@type\":\"ReadAction\",\"target\":[\"https:\\\/\\\/www.lasik.com\\\/es\\\/que-es-lasik\\\/\"]}]},{\"@type\":\"ImageObject\",\"inLanguage\":\"es\",\"@id\":\"https:\\\/\\\/www.lasik.com\\\/es\\\/que-es-lasik\\\/#primaryimage\",\"url\":\"https:\\\/\\\/www.lasik.com\\\/wp-content\\\/uploads\\\/2023\\\/12\\\/LASIK-What-to-Expect-1600x1067.jpg\",\"contentUrl\":\"https:\\\/\\\/www.lasik.com\\\/wp-content\\\/uploads\\\/2023\\\/12\\\/LASIK-What-to-Expect-1600x1067.jpg\"},{\"@type\":\"BreadcrumbList\",\"@id\":\"https:\\\/\\\/www.lasik.com\\\/es\\\/que-es-lasik\\\/#breadcrumb\",\"itemListElement\":[{\"@type\":\"ListItem\",\"position\":1,\"name\":\"Home\",\"item\":\"https:\\\/\\\/www.lasik.com\\\/es\\\/\"},{\"@type\":\"ListItem\",\"position\":2,\"name\":\"\u00bfQu\u00e9 es el LASIK?\"}]},{\"@type\":\"WebSite\",\"@id\":\"https:\\\/\\\/www.lasik.com\\\/es\\\/#website\",\"url\":\"https:\\\/\\\/www.lasik.com\\\/es\\\/\",\"name\":\"LASIK\",\"description\":\"Todo LASIK. Todo en un lugar.\",\"publisher\":{\"@id\":\"https:\\\/\\\/www.lasik.com\\\/es\\\/#organization\"},\"alternateName\":\"LASIK.com Official Site\",\"potentialAction\":[{\"@type\":\"SearchAction\",\"target\":{\"@type\":\"EntryPoint\",\"urlTemplate\":\"https:\\\/\\\/www.lasik.com\\\/es\\\/?s={search_term_string}\"},\"query-input\":{\"@type\":\"PropertyValueSpecification\",\"valueRequired\":true,\"valueName\":\"search_term_string\"}}],\"inLanguage\":\"es\"},{\"@type\":\"Organization\",\"@id\":\"https:\\\/\\\/www.lasik.com\\\/es\\\/#organization\",\"name\":\"LASIK\",\"alternateName\":\"Laser-Assisted In Situ Keratomileusis\",\"url\":\"https:\\\/\\\/www.lasik.com\\\/es\\\/\",\"logo\":{\"@type\":\"ImageObject\",\"inLanguage\":\"es\",\"@id\":\"https:\\\/\\\/www.lasik.com\\\/es\\\/#\\\/schema\\\/logo\\\/image\\\/\",\"url\":\"https:\\\/\\\/www.lasik.com\\\/wp-content\\\/uploads\\\/2023\\\/06\\\/Artboard.png\",\"contentUrl\":\"https:\\\/\\\/www.lasik.com\\\/wp-content\\\/uploads\\\/2023\\\/06\\\/Artboard.png\",\"width\":500,\"height\":500,\"caption\":\"LASIK\"},\"image\":{\"@id\":\"https:\\\/\\\/www.lasik.com\\\/es\\\/#\\\/schema\\\/logo\\\/image\\\/\"},\"sameAs\":[\"https:\\\/\\\/www.instagram.com\\\/lasik_com\\\/\",\"https:\\\/\\\/x.com\\\/lasikdotcom\",\"https:\\\/\\\/www.tiktok.com\\\/@lasik.com?lang=en\"],\"description\":\"LASIK is the leading laser vision correction procedure and national organization dedicated to advancing and delivering laser vision correction. Bringing together some of the most experienced surgeons, advanced technology, and trusted practices in the industry. Rather than being just a medical procedure. LASIK.com is a full-service organization built to educate patients, set rigorous standards for care, and make modern LASIK accessible to people across the United States.\",\"legalName\":\"LASIK\",\"foundingDate\":\"1995-05-09\"}]}<\/script>\n<!-- \/ Yoast SEO Premium plugin. -->","yoast_head_json":{"title":"\u00bfQu\u00e9 es el LASIK? | Sitio Oficial de LASIK.com\u2122","description":"La cirug\u00eda ocular LASIK es uno de los procedimientos electivos m\u00e1s populares del mundo que suele corregir problemas de visi\u00f3n refractiva.","robots":{"index":"index","follow":"follow","max-snippet":"max-snippet:-1","max-image-preview":"max-image-preview:large","max-video-preview":"max-video-preview:-1"},"canonical":"https:\/\/www.lasik.com\/es\/que-es-lasik\/","og_locale":"es_ES","og_type":"article","og_title":"\u00bfQu\u00e9 es el LASIK?","og_description":"La cirug\u00eda ocular LASIK es uno de los procedimientos electivos m\u00e1s populares del mundo que suele corregir problemas de visi\u00f3n refractiva.","og_url":"https:\/\/www.lasik.com\/es\/que-es-lasik\/","og_site_name":"Sitio Oficial de LASIK.com\u2122","article_publisher":"https:\/\/www.instagram.com\/lasik_com\/","article_modified_time":"2024-10-22T21:23:39+00:00","og_image":[{"url":"https:\/\/www.lasik.com\/wp-content\/uploads\/2023\/12\/LASIK-What-to-Expect-1600x1067.jpg","type":"","width":"","height":""}],"twitter_card":"summary_large_image","twitter_site":"@lasikdotcom","schema":{"@context":"https:\/\/schema.org","@graph":[{"@type":"WebPage","@id":"https:\/\/www.lasik.com\/es\/que-es-lasik\/","url":"https:\/\/www.lasik.com\/es\/que-es-lasik\/","name":"\u00bfQu\u00e9 es el LASIK? | Sitio Oficial de LASIK.com\u2122","isPartOf":{"@id":"https:\/\/www.lasik.com\/es\/#website"},"primaryImageOfPage":{"@id":"https:\/\/www.lasik.com\/es\/que-es-lasik\/#primaryimage"},"image":{"@id":"https:\/\/www.lasik.com\/es\/que-es-lasik\/#primaryimage"},"thumbnailUrl":"https:\/\/www.lasik.com\/wp-content\/uploads\/2023\/12\/LASIK-What-to-Expect-1600x1067.jpg","datePublished":"2023-05-22T21:24:14+00:00","dateModified":"2024-10-22T21:23:39+00:00","description":"La cirug\u00eda ocular LASIK es uno de los procedimientos electivos m\u00e1s populares del mundo que suele corregir problemas de visi\u00f3n refractiva.","breadcrumb":{"@id":"https:\/\/www.lasik.com\/es\/que-es-lasik\/#breadcrumb"},"inLanguage":"es","potentialAction":[{"@type":"ReadAction","target":["https:\/\/www.lasik.com\/es\/que-es-lasik\/"]}]},{"@type":"ImageObject","inLanguage":"es","@id":"https:\/\/www.lasik.com\/es\/que-es-lasik\/#primaryimage","url":"https:\/\/www.lasik.com\/wp-content\/uploads\/2023\/12\/LASIK-What-to-Expect-1600x1067.jpg","contentUrl":"https:\/\/www.lasik.com\/wp-content\/uploads\/2023\/12\/LASIK-What-to-Expect-1600x1067.jpg"},{"@type":"BreadcrumbList","@id":"https:\/\/www.lasik.com\/es\/que-es-lasik\/#breadcrumb","itemListElement":[{"@type":"ListItem","position":1,"name":"Home","item":"https:\/\/www.lasik.com\/es\/"},{"@type":"ListItem","position":2,"name":"\u00bfQu\u00e9 es el LASIK?"}]},{"@type":"WebSite","@id":"https:\/\/www.lasik.com\/es\/#website","url":"https:\/\/www.lasik.com\/es\/","name":"LASIK","description":"Todo LASIK. Todo en un lugar.","publisher":{"@id":"https:\/\/www.lasik.com\/es\/#organization"},"alternateName":"LASIK.com Official Site","potentialAction":[{"@type":"SearchAction","target":{"@type":"EntryPoint","urlTemplate":"https:\/\/www.lasik.com\/es\/?s={search_term_string}"},"query-input":{"@type":"PropertyValueSpecification","valueRequired":true,"valueName":"search_term_string"}}],"inLanguage":"es"},{"@type":"Organization","@id":"https:\/\/www.lasik.com\/es\/#organization","name":"LASIK","alternateName":"Laser-Assisted In Situ Keratomileusis","url":"https:\/\/www.lasik.com\/es\/","logo":{"@type":"ImageObject","inLanguage":"es","@id":"https:\/\/www.lasik.com\/es\/#\/schema\/logo\/image\/","url":"https:\/\/www.lasik.com\/wp-content\/uploads\/2023\/06\/Artboard.png","contentUrl":"https:\/\/www.lasik.com\/wp-content\/uploads\/2023\/06\/Artboard.png","width":500,"height":500,"caption":"LASIK"},"image":{"@id":"https:\/\/www.lasik.com\/es\/#\/schema\/logo\/image\/"},"sameAs":["https:\/\/www.instagram.com\/lasik_com\/","https:\/\/x.com\/lasikdotcom","https:\/\/www.tiktok.com\/@lasik.com?lang=en"],"description":"LASIK is the leading laser vision correction procedure and national organization dedicated to advancing and delivering laser vision correction. Bringing together some of the most experienced surgeons, advanced technology, and trusted practices in the industry. Rather than being just a medical procedure. LASIK.com is a full-service organization built to educate patients, set rigorous standards for care, and make modern LASIK accessible to people across the United States.","legalName":"LASIK","foundingDate":"1995-05-09"}]}},"_links":{"self":[{"href":"https:\/\/www.lasik.com\/es\/wp-json\/wp\/v2\/pages\/10114","targetHints":{"allow":["GET"]}}],"collection":[{"href":"https:\/\/www.lasik.com\/es\/wp-json\/wp\/v2\/pages"}],"about":[{"href":"https:\/\/www.lasik.com\/es\/wp-json\/wp\/v2\/types\/page"}],"author":[{"embeddable":true,"href":"https:\/\/www.lasik.com\/es\/wp-json\/wp\/v2\/users\/1"}],"replies":[{"embeddable":true,"href":"https:\/\/www.lasik.com\/es\/wp-json\/wp\/v2\/comments?post=10114"}],"version-history":[{"count":5,"href":"https:\/\/www.lasik.com\/es\/wp-json\/wp\/v2\/pages\/10114\/revisions"}],"predecessor-version":[{"id":13545,"href":"https:\/\/www.lasik.com\/es\/wp-json\/wp\/v2\/pages\/10114\/revisions\/13545"}],"wp:attachment":[{"href":"https:\/\/www.lasik.com\/es\/wp-json\/wp\/v2\/media?parent=10114"}],"curies":[{"name":"wp","href":"https:\/\/api.w.org\/{rel}","templated":true}]}}